{"id":959,"date":"2025-03-02T13:52:38","date_gmt":"2025-03-02T12:52:38","guid":{"rendered":"http:\/\/ff-kirchschlag.at\/?page_id=959"},"modified":"2025-12-07T18:11:51","modified_gmt":"2025-12-07T17:11:51","slug":"atemschutz","status":"publish","type":"page","link":"http:\/\/ff-kirchschlag.at\/?page_id=959","title":{"rendered":"Atemschutz"},"content":{"rendered":"\n<p>Eine der anspruchsvollsten Aufgaben in der Arbeit der Feuerwehr ist das Arbeiten mit schwerem Atemschutz. Zum Einsatz kommt diese Ausr\u00fcstung immer dann, wenn die Umgebungsluft nicht eingeatmet werden darf, weil sie gesundheitssch\u00e4dlich ist. <\/p>\n\n\n\n<p>Feuerwehrmitglieder welche Atemschutzger\u00e4tetr\u00e4ger werden wollen, unterziehen sich eine Gesundheitlichen Check, nicht jedes Feuerwehrmitglied ist daf\u00fcr geeignet, und macht einen Atemschutzger\u00e4tetr\u00e4gerlehrgang. Danach darf das Mitglied auch bei \u00dcbungen und Eins\u00e4tzen in der eigenen Feuerwehr schweren Atemschutz tragen. Mehrere \u00dcbungen jedes Jahr sind danach vorgesehen, jeder Handgriff am Atemschutzger\u00e4t muss perfekt gekonnt werden.<\/p>\n\n\n\n<p>Eins\u00e4tze f\u00fcr den schweren Atemschutz sind oft L\u00f6scharbeiten im Innenangriffe bei Br\u00e4nden, wo in verrauchten R\u00e4umen gel\u00f6scht werden muss, oder wo vielleicht noch jemand eingeschlossen ist der gerettet werden muss. Arbeiten mit gef\u00e4hrlichen Stoffen oder Gasaustritte sind ebenfalls ein Einsatzfall f\u00fcr schweren Atemschutz.<\/p>\n\n\n\nngg_shortcode_0_placeholder\n","protected":false},"excerpt":{"rendered":"<p>Eine der anspruchsvollsten Aufgaben in der Arbeit der Feuerwehr ist das Arbeiten mit schwerem Atemschutz. Zum Einsatz kommt diese Ausr\u00fcstung immer dann, wenn die Umgebungsluft nicht eingeatmet werden darf, weil sie gesundheitssch\u00e4dlich ist. Feuerwehrmitglieder welche Atemschutzger\u00e4tetr\u00e4ger werden wollen, unterziehen sich eine Gesundheitlichen Check, nicht jedes Feuerwehrmitglied ist daf\u00fcr geeignet, und macht einen Atemschutzger\u00e4tetr\u00e4gerlehrgang. Danach darf [&hellip;]<\/p>\n","protected":false},"author":1,"featured_media":0,"parent":0,"menu_order":0,"comment_status":"closed","ping_status":"closed","template":"wp-custom-template-ueber-uns-template","meta":{"ngg_post_thumbnail":0,"footnotes":""},"class_list":["post-959","page","type-page","status-publish","hentry"],"yoast_head":"<!-- This site is optimized with the Yoast SEO plugin v27.4 - https:\/\/yoast.com\/product\/yoast-seo-wordpress\/ -->\n<title>Atemschutz - Freiwillige Feuerwehr Kirchschlag<\/title>\n<meta name=\"robots\" content=\"index, follow, max-snippet:-1, max-image-preview:large, max-video-preview:-1\" \/>\n<link rel=\"canonical\" href=\"http:\/\/ff-kirchschlag.at\/?page_id=959\" \/>\n<meta property=\"og:locale\" content=\"de_DE\" \/>\n<meta property=\"og:type\" content=\"article\" \/>\n<meta property=\"og:title\" content=\"Atemschutz - Freiwillige Feuerwehr Kirchschlag\" \/>\n<meta property=\"og:description\" content=\"Eine der anspruchsvollsten Aufgaben in der Arbeit der Feuerwehr ist das Arbeiten mit schwerem Atemschutz. Zum Einsatz kommt diese Ausr\u00fcstung immer dann, wenn die Umgebungsluft nicht eingeatmet werden darf, weil sie gesundheitssch\u00e4dlich ist. Feuerwehrmitglieder welche Atemschutzger\u00e4tetr\u00e4ger werden wollen, unterziehen sich eine Gesundheitlichen Check, nicht jedes Feuerwehrmitglied ist daf\u00fcr geeignet, und macht einen Atemschutzger\u00e4tetr\u00e4gerlehrgang. Danach darf [&hellip;]\" \/>\n<meta property=\"og:url\" content=\"http:\/\/ff-kirchschlag.at\/?page_id=959\" \/>\n<meta property=\"og:site_name\" content=\"Freiwillige Feuerwehr Kirchschlag\" \/>\n<meta property=\"article:modified_time\" content=\"2025-12-07T17:11:51+00:00\" \/>\n<meta name=\"twitter:card\" content=\"summary_large_image\" \/>\n<meta name=\"twitter:label1\" content=\"Gesch\u00e4tzte Lesezeit\" \/>\n\t<meta name=\"twitter:data1\" content=\"1\u00a0Minute\" \/>\n<script type=\"application\/ld+json\" class=\"yoast-schema-graph\">{\"@context\":\"https:\\\/\\\/schema.org\",\"@graph\":[{\"@type\":\"WebPage\",\"@id\":\"http:\\\/\\\/ff-kirchschlag.at\\\/?page_id=959\",\"url\":\"http:\\\/\\\/ff-kirchschlag.at\\\/?page_id=959\",\"name\":\"Atemschutz - Freiwillige Feuerwehr Kirchschlag\",\"isPartOf\":{\"@id\":\"https:\\\/\\\/ff-kirchschlag.at\\\/#website\"},\"datePublished\":\"2025-03-02T12:52:38+00:00\",\"dateModified\":\"2025-12-07T17:11:51+00:00\",\"breadcrumb\":{\"@id\":\"http:\\\/\\\/ff-kirchschlag.at\\\/?page_id=959#breadcrumb\"},\"inLanguage\":\"de\",\"potentialAction\":[{\"@type\":\"ReadAction\",\"target\":[\"http:\\\/\\\/ff-kirchschlag.at\\\/?page_id=959\"]}]},{\"@type\":\"BreadcrumbList\",\"@id\":\"http:\\\/\\\/ff-kirchschlag.at\\\/?page_id=959#breadcrumb\",\"itemListElement\":[{\"@type\":\"ListItem\",\"position\":1,\"name\":\"Startseite\",\"item\":\"https:\\\/\\\/ff-kirchschlag.at\\\/\"},{\"@type\":\"ListItem\",\"position\":2,\"name\":\"Atemschutz\"}]},{\"@type\":\"WebSite\",\"@id\":\"https:\\\/\\\/ff-kirchschlag.at\\\/#website\",\"url\":\"https:\\\/\\\/ff-kirchschlag.at\\\/\",\"name\":\"Freiwillige Feuerwehr Kirchschlag\",\"description\":\"Freiwillige Feuerwehr Kirchschlag idBW\",\"publisher\":{\"@id\":\"https:\\\/\\\/ff-kirchschlag.at\\\/#organization\"},\"potentialAction\":[{\"@type\":\"SearchAction\",\"target\":{\"@type\":\"EntryPoint\",\"urlTemplate\":\"https:\\\/\\\/ff-kirchschlag.at\\\/?s={search_term_string}\"},\"query-input\":{\"@type\":\"PropertyValueSpecification\",\"valueRequired\":true,\"valueName\":\"search_term_string\"}}],\"inLanguage\":\"de\"},{\"@type\":\"Organization\",\"@id\":\"https:\\\/\\\/ff-kirchschlag.at\\\/#organization\",\"name\":\"Freiwillige Feuerwehr Kirchschlag\",\"url\":\"https:\\\/\\\/ff-kirchschlag.at\\\/\",\"logo\":{\"@type\":\"ImageObject\",\"inLanguage\":\"de\",\"@id\":\"https:\\\/\\\/ff-kirchschlag.at\\\/#\\\/schema\\\/logo\\\/image\\\/\",\"url\":\"http:\\\/\\\/ff-kirchschlag.at\\\/wp-content\\\/uploads\\\/2024\\\/08\\\/ff-logo-1.png\",\"contentUrl\":\"http:\\\/\\\/ff-kirchschlag.at\\\/wp-content\\\/uploads\\\/2024\\\/08\\\/ff-logo-1.png\",\"width\":317,\"height\":382,\"caption\":\"Freiwillige Feuerwehr Kirchschlag\"},\"image\":{\"@id\":\"https:\\\/\\\/ff-kirchschlag.at\\\/#\\\/schema\\\/logo\\\/image\\\/\"}}]}<\/script>\n<!-- \/ Yoast SEO plugin. -->","yoast_head_json":{"title":"Atemschutz - Freiwillige Feuerwehr Kirchschlag","robots":{"index":"index","follow":"follow","max-snippet":"max-snippet:-1","max-image-preview":"max-image-preview:large","max-video-preview":"max-video-preview:-1"},"canonical":"http:\/\/ff-kirchschlag.at\/?page_id=959","og_locale":"de_DE","og_type":"article","og_title":"Atemschutz - Freiwillige Feuerwehr Kirchschlag","og_description":"Eine der anspruchsvollsten Aufgaben in der Arbeit der Feuerwehr ist das Arbeiten mit schwerem Atemschutz. Zum Einsatz kommt diese Ausr\u00fcstung immer dann, wenn die Umgebungsluft nicht eingeatmet werden darf, weil sie gesundheitssch\u00e4dlich ist. Feuerwehrmitglieder welche Atemschutzger\u00e4tetr\u00e4ger werden wollen, unterziehen sich eine Gesundheitlichen Check, nicht jedes Feuerwehrmitglied ist daf\u00fcr geeignet, und macht einen Atemschutzger\u00e4tetr\u00e4gerlehrgang. Danach darf [&hellip;]","og_url":"http:\/\/ff-kirchschlag.at\/?page_id=959","og_site_name":"Freiwillige Feuerwehr Kirchschlag","article_modified_time":"2025-12-07T17:11:51+00:00","twitter_card":"summary_large_image","twitter_misc":{"Gesch\u00e4tzte Lesezeit":"1\u00a0Minute"},"schema":{"@context":"https:\/\/schema.org","@graph":[{"@type":"WebPage","@id":"http:\/\/ff-kirchschlag.at\/?page_id=959","url":"http:\/\/ff-kirchschlag.at\/?page_id=959","name":"Atemschutz - Freiwillige Feuerwehr Kirchschlag","isPartOf":{"@id":"https:\/\/ff-kirchschlag.at\/#website"},"datePublished":"2025-03-02T12:52:38+00:00","dateModified":"2025-12-07T17:11:51+00:00","breadcrumb":{"@id":"http:\/\/ff-kirchschlag.at\/?page_id=959#breadcrumb"},"inLanguage":"de","potentialAction":[{"@type":"ReadAction","target":["http:\/\/ff-kirchschlag.at\/?page_id=959"]}]},{"@type":"BreadcrumbList","@id":"http:\/\/ff-kirchschlag.at\/?page_id=959#breadcrumb","itemListElement":[{"@type":"ListItem","position":1,"name":"Startseite","item":"https:\/\/ff-kirchschlag.at\/"},{"@type":"ListItem","position":2,"name":"Atemschutz"}]},{"@type":"WebSite","@id":"https:\/\/ff-kirchschlag.at\/#website","url":"https:\/\/ff-kirchschlag.at\/","name":"Freiwillige Feuerwehr Kirchschlag","description":"Freiwillige Feuerwehr Kirchschlag idBW","publisher":{"@id":"https:\/\/ff-kirchschlag.at\/#organization"},"potentialAction":[{"@type":"SearchAction","target":{"@type":"EntryPoint","urlTemplate":"https:\/\/ff-kirchschlag.at\/?s={search_term_string}"},"query-input":{"@type":"PropertyValueSpecification","valueRequired":true,"valueName":"search_term_string"}}],"inLanguage":"de"},{"@type":"Organization","@id":"https:\/\/ff-kirchschlag.at\/#organization","name":"Freiwillige Feuerwehr Kirchschlag","url":"https:\/\/ff-kirchschlag.at\/","logo":{"@type":"ImageObject","inLanguage":"de","@id":"https:\/\/ff-kirchschlag.at\/#\/schema\/logo\/image\/","url":"http:\/\/ff-kirchschlag.at\/wp-content\/uploads\/2024\/08\/ff-logo-1.png","contentUrl":"http:\/\/ff-kirchschlag.at\/wp-content\/uploads\/2024\/08\/ff-logo-1.png","width":317,"height":382,"caption":"Freiwillige Feuerwehr Kirchschlag"},"image":{"@id":"https:\/\/ff-kirchschlag.at\/#\/schema\/logo\/image\/"}}]}},"_links":{"self":[{"href":"http:\/\/ff-kirchschlag.at\/index.php?rest_route=\/wp\/v2\/pages\/959","targetHints":{"allow":["GET"]}}],"collection":[{"href":"http:\/\/ff-kirchschlag.at\/index.php?rest_route=\/wp\/v2\/pages"}],"about":[{"href":"http:\/\/ff-kirchschlag.at\/index.php?rest_route=\/wp\/v2\/types\/page"}],"author":[{"embeddable":true,"href":"http:\/\/ff-kirchschlag.at\/index.php?rest_route=\/wp\/v2\/users\/1"}],"replies":[{"embeddable":true,"href":"http:\/\/ff-kirchschlag.at\/index.php?rest_route=%2Fwp%2Fv2%2Fcomments&post=959"}],"version-history":[{"count":6,"href":"http:\/\/ff-kirchschlag.at\/index.php?rest_route=\/wp\/v2\/pages\/959\/revisions"}],"predecessor-version":[{"id":1362,"href":"http:\/\/ff-kirchschlag.at\/index.php?rest_route=\/wp\/v2\/pages\/959\/revisions\/1362"}],"wp:attachment":[{"href":"http:\/\/ff-kirchschlag.at\/index.php?rest_route=%2Fwp%2Fv2%2Fmedia&parent=959"}],"curies":[{"name":"wp","href":"https:\/\/api.w.org\/{rel}","templated":true}]}}