{"id":875,"date":"2024-11-19T19:25:16","date_gmt":"2024-11-19T18:25:16","guid":{"rendered":"http:\/\/ff-kirchschlag.at\/?page_id=875"},"modified":"2025-04-04T09:42:28","modified_gmt":"2025-04-04T07:42:28","slug":"mannschaft","status":"publish","type":"page","link":"http:\/\/ff-kirchschlag.at\/?page_id=875","title":{"rendered":"Mannschaft"},"content":{"rendered":"\n<figure data-wp-context=\"{&quot;imageId&quot;:&quot;6a04ceaf24be7&quot;}\" data-wp-interactive=\"core\/image\" data-wp-key=\"6a04ceaf24be7\" class=\"wp-block-image size-large is-style-rounded is-style-rounded--1 wp-lightbox-container\"><img fetchpriority=\"high\" decoding=\"async\" width=\"1024\" height=\"695\" data-wp-class--hide=\"state.isContentHidden\" data-wp-class--show=\"state.isContentVisible\" data-wp-init=\"callbacks.setButtonStyles\" data-wp-on--click=\"actions.showLightbox\" data-wp-on--load=\"callbacks.setButtonStyles\" data-wp-on-window--resize=\"callbacks.setButtonStyles\" src=\"http:\/\/ff-kirchschlag.at\/wp-content\/uploads\/2025\/02\/D51_6945_copyright_web-1024x695.jpg\" alt=\"Mannschaftsbild der FF Kirchschlag aus dem Jahr 2024\" class=\"wp-image-921\" srcset=\"http:\/\/ff-kirchschlag.at\/wp-content\/uploads\/2025\/02\/D51_6945_copyright_web-1024x695.jpg 1024w, http:\/\/ff-kirchschlag.at\/wp-content\/uploads\/2025\/02\/D51_6945_copyright_web-300x204.jpg 300w, http:\/\/ff-kirchschlag.at\/wp-content\/uploads\/2025\/02\/D51_6945_copyright_web-768x521.jpg 768w, http:\/\/ff-kirchschlag.at\/wp-content\/uploads\/2025\/02\/D51_6945_copyright_web-1536x1043.jpg 1536w, http:\/\/ff-kirchschlag.at\/wp-content\/uploads\/2025\/02\/D51_6945_copyright_web-2048x1390.jpg 2048w\" sizes=\"(max-width: 1024px) 100vw, 1024px\" \/><button\n\t\t\tclass=\"lightbox-trigger\"\n\t\t\ttype=\"button\"\n\t\t\taria-haspopup=\"dialog\"\n\t\t\taria-label=\"Vergr\u00f6\u00dfern\"\n\t\t\tdata-wp-init=\"callbacks.initTriggerButton\"\n\t\t\tdata-wp-on--click=\"actions.showLightbox\"\n\t\t\tdata-wp-style--right=\"state.imageButtonRight\"\n\t\t\tdata-wp-style--top=\"state.imageButtonTop\"\n\t\t>\n\t\t\t<svg xmlns=\"http:\/\/www.w3.org\/2000\/svg\" width=\"12\" height=\"12\" fill=\"none\" viewBox=\"0 0 12 12\">\n\t\t\t\t<path fill=\"#fff\" d=\"M2 0a2 2 0 0 0-2 2v2h1.5V2a.5.5 0 0 1 .5-.5h2V0H2Zm2 10.5H2a.5.5 0 0 1-.5-.5V8H0v2a2 2 0 0 0 2 2h2v-1.5ZM8 12v-1.5h2a.5.5 0 0 0 .5-.5V8H12v2a2 2 0 0 1-2 2H8Zm2-12a2 2 0 0 1 2 2v2h-1.5V2a.5.5 0 0 0-.5-.5H8V0h2Z\" \/>\n\t\t\t<\/svg>\n\t\t<\/button><\/figure>\n\n\n\n<p>Die Mannschaft<\/p>\n\n\n\n<p>Mannschaftsfoto aufgenommen Am Damm im April 2024 von Foto Bruckner. Es waren 75 Mitglieder anwesend, vorne in der Mitte B\u00fcrgermeister Karl Kager, der selbst auch Mitglied der FF Kirchschlag ist, zwischen Kdt. Thomas P\u00fcrrer und Kdtstv. Karl Stockinger jun.<br>Die am Bild links, rechts und in der ersten Reihe knieenden Feuerwehrjugend M\u00e4dchen und Buben sind aus allen Feuerwehren des Unterabschnittes Kirchschlag.<br><\/p>\n\n\n\n<p><\/p>\n","protected":false},"excerpt":{"rendered":"<p>Die Mannschaft Mannschaftsfoto aufgenommen Am Damm im April 2024 von Foto Bruckner. Es waren 75 Mitglieder anwesend, vorne in der Mitte B\u00fcrgermeister Karl Kager, der selbst auch Mitglied der FF Kirchschlag ist, zwischen Kdt. Thomas P\u00fcrrer und Kdtstv. Karl Stockinger jun.Die am Bild links, rechts und in der ersten Reihe knieenden Feuerwehrjugend M\u00e4dchen und Buben [&hellip;]<\/p>\n","protected":false},"author":1,"featured_media":0,"parent":0,"menu_order":0,"comment_status":"closed","ping_status":"closed","template":"wp-custom-template-ueber-uns-template","meta":{"ngg_post_thumbnail":0,"footnotes":""},"class_list":["post-875","page","type-page","status-publish","hentry"],"yoast_head":"<!-- This site is optimized with the Yoast SEO plugin v27.4 - https:\/\/yoast.com\/product\/yoast-seo-wordpress\/ -->\n<title>Mannschaft - Freiwillige Feuerwehr Kirchschlag<\/title>\n<meta name=\"robots\" content=\"index, follow, max-snippet:-1, max-image-preview:large, max-video-preview:-1\" \/>\n<link rel=\"canonical\" href=\"http:\/\/ff-kirchschlag.at\/?page_id=875\" \/>\n<meta property=\"og:locale\" content=\"de_DE\" \/>\n<meta property=\"og:type\" content=\"article\" \/>\n<meta property=\"og:title\" content=\"Mannschaft - Freiwillige Feuerwehr Kirchschlag\" \/>\n<meta property=\"og:description\" content=\"Die Mannschaft Mannschaftsfoto aufgenommen Am Damm im April 2024 von Foto Bruckner. Es waren 75 Mitglieder anwesend, vorne in der Mitte B\u00fcrgermeister Karl Kager, der selbst auch Mitglied der FF Kirchschlag ist, zwischen Kdt. Thomas P\u00fcrrer und Kdtstv. Karl Stockinger jun.Die am Bild links, rechts und in der ersten Reihe knieenden Feuerwehrjugend M\u00e4dchen und Buben [&hellip;]\" \/>\n<meta property=\"og:url\" content=\"http:\/\/ff-kirchschlag.at\/?page_id=875\" \/>\n<meta property=\"og:site_name\" content=\"Freiwillige Feuerwehr Kirchschlag\" \/>\n<meta property=\"article:modified_time\" content=\"2025-04-04T07:42:28+00:00\" \/>\n<meta property=\"og:image\" content=\"http:\/\/ff-kirchschlag.at\/wp-content\/uploads\/2025\/02\/D51_6945_copyright_web-1024x695.jpg\" \/>\n<meta name=\"twitter:card\" content=\"summary_large_image\" \/>\n<meta name=\"twitter:label1\" content=\"Gesch\u00e4tzte Lesezeit\" \/>\n\t<meta name=\"twitter:data1\" content=\"1\u00a0Minute\" \/>\n<script type=\"application\/ld+json\" class=\"yoast-schema-graph\">{\"@context\":\"https:\\\/\\\/schema.org\",\"@graph\":[{\"@type\":\"WebPage\",\"@id\":\"http:\\\/\\\/ff-kirchschlag.at\\\/?page_id=875\",\"url\":\"http:\\\/\\\/ff-kirchschlag.at\\\/?page_id=875\",\"name\":\"Mannschaft - Freiwillige Feuerwehr Kirchschlag\",\"isPartOf\":{\"@id\":\"https:\\\/\\\/ff-kirchschlag.at\\\/#website\"},\"primaryImageOfPage\":{\"@id\":\"http:\\\/\\\/ff-kirchschlag.at\\\/?page_id=875#primaryimage\"},\"image\":{\"@id\":\"http:\\\/\\\/ff-kirchschlag.at\\\/?page_id=875#primaryimage\"},\"thumbnailUrl\":\"http:\\\/\\\/ff-kirchschlag.at\\\/wp-content\\\/uploads\\\/2025\\\/02\\\/D51_6945_copyright_web-1024x695.jpg\",\"datePublished\":\"2024-11-19T18:25:16+00:00\",\"dateModified\":\"2025-04-04T07:42:28+00:00\",\"breadcrumb\":{\"@id\":\"http:\\\/\\\/ff-kirchschlag.at\\\/?page_id=875#breadcrumb\"},\"inLanguage\":\"de\",\"potentialAction\":[{\"@type\":\"ReadAction\",\"target\":[\"http:\\\/\\\/ff-kirchschlag.at\\\/?page_id=875\"]}]},{\"@type\":\"ImageObject\",\"inLanguage\":\"de\",\"@id\":\"http:\\\/\\\/ff-kirchschlag.at\\\/?page_id=875#primaryimage\",\"url\":\"http:\\\/\\\/ff-kirchschlag.at\\\/wp-content\\\/uploads\\\/2025\\\/02\\\/D51_6945_copyright_web-scaled.jpg\",\"contentUrl\":\"http:\\\/\\\/ff-kirchschlag.at\\\/wp-content\\\/uploads\\\/2025\\\/02\\\/D51_6945_copyright_web-scaled.jpg\",\"width\":2560,\"height\":1738,\"caption\":\"Mannschaftsbild der FF Kirchschlag aus dem Jahr 2024\"},{\"@type\":\"BreadcrumbList\",\"@id\":\"http:\\\/\\\/ff-kirchschlag.at\\\/?page_id=875#breadcrumb\",\"itemListElement\":[{\"@type\":\"ListItem\",\"position\":1,\"name\":\"Startseite\",\"item\":\"https:\\\/\\\/ff-kirchschlag.at\\\/\"},{\"@type\":\"ListItem\",\"position\":2,\"name\":\"Mannschaft\"}]},{\"@type\":\"WebSite\",\"@id\":\"https:\\\/\\\/ff-kirchschlag.at\\\/#website\",\"url\":\"https:\\\/\\\/ff-kirchschlag.at\\\/\",\"name\":\"Freiwillige Feuerwehr Kirchschlag\",\"description\":\"Freiwillige Feuerwehr Kirchschlag idBW\",\"publisher\":{\"@id\":\"https:\\\/\\\/ff-kirchschlag.at\\\/#organization\"},\"potentialAction\":[{\"@type\":\"SearchAction\",\"target\":{\"@type\":\"EntryPoint\",\"urlTemplate\":\"https:\\\/\\\/ff-kirchschlag.at\\\/?s={search_term_string}\"},\"query-input\":{\"@type\":\"PropertyValueSpecification\",\"valueRequired\":true,\"valueName\":\"search_term_string\"}}],\"inLanguage\":\"de\"},{\"@type\":\"Organization\",\"@id\":\"https:\\\/\\\/ff-kirchschlag.at\\\/#organization\",\"name\":\"Freiwillige Feuerwehr Kirchschlag\",\"url\":\"https:\\\/\\\/ff-kirchschlag.at\\\/\",\"logo\":{\"@type\":\"ImageObject\",\"inLanguage\":\"de\",\"@id\":\"https:\\\/\\\/ff-kirchschlag.at\\\/#\\\/schema\\\/logo\\\/image\\\/\",\"url\":\"http:\\\/\\\/ff-kirchschlag.at\\\/wp-content\\\/uploads\\\/2024\\\/08\\\/ff-logo-1.png\",\"contentUrl\":\"http:\\\/\\\/ff-kirchschlag.at\\\/wp-content\\\/uploads\\\/2024\\\/08\\\/ff-logo-1.png\",\"width\":317,\"height\":382,\"caption\":\"Freiwillige Feuerwehr Kirchschlag\"},\"image\":{\"@id\":\"https:\\\/\\\/ff-kirchschlag.at\\\/#\\\/schema\\\/logo\\\/image\\\/\"}}]}<\/script>\n<!-- \/ Yoast SEO plugin. -->","yoast_head_json":{"title":"Mannschaft - Freiwillige Feuerwehr Kirchschlag","robots":{"index":"index","follow":"follow","max-snippet":"max-snippet:-1","max-image-preview":"max-image-preview:large","max-video-preview":"max-video-preview:-1"},"canonical":"http:\/\/ff-kirchschlag.at\/?page_id=875","og_locale":"de_DE","og_type":"article","og_title":"Mannschaft - Freiwillige Feuerwehr Kirchschlag","og_description":"Die Mannschaft Mannschaftsfoto aufgenommen Am Damm im April 2024 von Foto Bruckner. Es waren 75 Mitglieder anwesend, vorne in der Mitte B\u00fcrgermeister Karl Kager, der selbst auch Mitglied der FF Kirchschlag ist, zwischen Kdt. Thomas P\u00fcrrer und Kdtstv. Karl Stockinger jun.Die am Bild links, rechts und in der ersten Reihe knieenden Feuerwehrjugend M\u00e4dchen und Buben [&hellip;]","og_url":"http:\/\/ff-kirchschlag.at\/?page_id=875","og_site_name":"Freiwillige Feuerwehr Kirchschlag","article_modified_time":"2025-04-04T07:42:28+00:00","og_image":[{"url":"http:\/\/ff-kirchschlag.at\/wp-content\/uploads\/2025\/02\/D51_6945_copyright_web-1024x695.jpg","type":"","width":"","height":""}],"twitter_card":"summary_large_image","twitter_misc":{"Gesch\u00e4tzte Lesezeit":"1\u00a0Minute"},"schema":{"@context":"https:\/\/schema.org","@graph":[{"@type":"WebPage","@id":"http:\/\/ff-kirchschlag.at\/?page_id=875","url":"http:\/\/ff-kirchschlag.at\/?page_id=875","name":"Mannschaft - Freiwillige Feuerwehr Kirchschlag","isPartOf":{"@id":"https:\/\/ff-kirchschlag.at\/#website"},"primaryImageOfPage":{"@id":"http:\/\/ff-kirchschlag.at\/?page_id=875#primaryimage"},"image":{"@id":"http:\/\/ff-kirchschlag.at\/?page_id=875#primaryimage"},"thumbnailUrl":"http:\/\/ff-kirchschlag.at\/wp-content\/uploads\/2025\/02\/D51_6945_copyright_web-1024x695.jpg","datePublished":"2024-11-19T18:25:16+00:00","dateModified":"2025-04-04T07:42:28+00:00","breadcrumb":{"@id":"http:\/\/ff-kirchschlag.at\/?page_id=875#breadcrumb"},"inLanguage":"de","potentialAction":[{"@type":"ReadAction","target":["http:\/\/ff-kirchschlag.at\/?page_id=875"]}]},{"@type":"ImageObject","inLanguage":"de","@id":"http:\/\/ff-kirchschlag.at\/?page_id=875#primaryimage","url":"http:\/\/ff-kirchschlag.at\/wp-content\/uploads\/2025\/02\/D51_6945_copyright_web-scaled.jpg","contentUrl":"http:\/\/ff-kirchschlag.at\/wp-content\/uploads\/2025\/02\/D51_6945_copyright_web-scaled.jpg","width":2560,"height":1738,"caption":"Mannschaftsbild der FF Kirchschlag aus dem Jahr 2024"},{"@type":"BreadcrumbList","@id":"http:\/\/ff-kirchschlag.at\/?page_id=875#breadcrumb","itemListElement":[{"@type":"ListItem","position":1,"name":"Startseite","item":"https:\/\/ff-kirchschlag.at\/"},{"@type":"ListItem","position":2,"name":"Mannschaft"}]},{"@type":"WebSite","@id":"https:\/\/ff-kirchschlag.at\/#website","url":"https:\/\/ff-kirchschlag.at\/","name":"Freiwillige Feuerwehr Kirchschlag","description":"Freiwillige Feuerwehr Kirchschlag idBW","publisher":{"@id":"https:\/\/ff-kirchschlag.at\/#organization"},"potentialAction":[{"@type":"SearchAction","target":{"@type":"EntryPoint","urlTemplate":"https:\/\/ff-kirchschlag.at\/?s={search_term_string}"},"query-input":{"@type":"PropertyValueSpecification","valueRequired":true,"valueName":"search_term_string"}}],"inLanguage":"de"},{"@type":"Organization","@id":"https:\/\/ff-kirchschlag.at\/#organization","name":"Freiwillige Feuerwehr Kirchschlag","url":"https:\/\/ff-kirchschlag.at\/","logo":{"@type":"ImageObject","inLanguage":"de","@id":"https:\/\/ff-kirchschlag.at\/#\/schema\/logo\/image\/","url":"http:\/\/ff-kirchschlag.at\/wp-content\/uploads\/2024\/08\/ff-logo-1.png","contentUrl":"http:\/\/ff-kirchschlag.at\/wp-content\/uploads\/2024\/08\/ff-logo-1.png","width":317,"height":382,"caption":"Freiwillige Feuerwehr Kirchschlag"},"image":{"@id":"https:\/\/ff-kirchschlag.at\/#\/schema\/logo\/image\/"}}]}},"_links":{"self":[{"href":"http:\/\/ff-kirchschlag.at\/index.php?rest_route=\/wp\/v2\/pages\/875","targetHints":{"allow":["GET"]}}],"collection":[{"href":"http:\/\/ff-kirchschlag.at\/index.php?rest_route=\/wp\/v2\/pages"}],"about":[{"href":"http:\/\/ff-kirchschlag.at\/index.php?rest_route=\/wp\/v2\/types\/page"}],"author":[{"embeddable":true,"href":"http:\/\/ff-kirchschlag.at\/index.php?rest_route=\/wp\/v2\/users\/1"}],"replies":[{"embeddable":true,"href":"http:\/\/ff-kirchschlag.at\/index.php?rest_route=%2Fwp%2Fv2%2Fcomments&post=875"}],"version-history":[{"count":7,"href":"http:\/\/ff-kirchschlag.at\/index.php?rest_route=\/wp\/v2\/pages\/875\/revisions"}],"predecessor-version":[{"id":969,"href":"http:\/\/ff-kirchschlag.at\/index.php?rest_route=\/wp\/v2\/pages\/875\/revisions\/969"}],"wp:attachment":[{"href":"http:\/\/ff-kirchschlag.at\/index.php?rest_route=%2Fwp%2Fv2%2Fmedia&parent=875"}],"curies":[{"name":"wp","href":"https:\/\/api.w.org\/{rel}","templated":true}]}}