{"id":624,"date":"2024-08-27T21:05:47","date_gmt":"2024-08-27T19:05:47","guid":{"rendered":"http:\/\/ff-kirchschlag.at\/?page_id=624"},"modified":"2025-12-07T12:53:57","modified_gmt":"2025-12-07T11:53:57","slug":"wie-werde-ich-feuerwehrfrau-oder-feuerwehrmann","status":"publish","type":"page","link":"http:\/\/ff-kirchschlag.at\/?page_id=624","title":{"rendered":"Wie werde ich Feuerwehrfrau oder Feuerwehrmann?"},"content":{"rendered":"<h1 class=\"has-text-align-left alignwide wp-block-post-title\">Wie werde ich Feuerwehrfrau oder Feuerwehrmann?<\/h1>\n\n\n<div class=\"wp-block-group alignfull has-global-padding is-content-justification-left is-layout-constrained wp-container-core-group-is-layout-598bffc8 wp-block-group-is-layout-constrained\" style=\"margin-top:0;margin-bottom:0;padding-top:var(--wp--preset--spacing--50);padding-right:var(--wp--preset--spacing--50);padding-bottom:var(--wp--preset--spacing--50);padding-left:var(--wp--preset--spacing--50)\">\n<div class=\"wp-block-columns alignwide is-layout-flex wp-container-core-columns-is-layout-eed4adda wp-block-columns-is-layout-flex\">\n<div class=\"wp-block-column is-vertically-aligned-stretch is-layout-flow wp-block-column-is-layout-flow\" style=\"--col-width:50%;flex-basis:50%\">\n<div class=\"wp-block-group is-vertical is-content-justification-stretch is-layout-flex wp-container-core-group-is-layout-444d5ee8 wp-block-group-is-layout-flex\" style=\"min-height:100%\">\n<div class=\"wp-block-group is-layout-flow wp-block-group-is-layout-flow\">\n<p class=\"wp-container-content-0733e5d0\">Beinahe jedes Kind hat einmal den Traum Feuerwerhrfau oder Feuerwehrmann zu werden.<\/p>\n\n\n\n<ul class=\"wp-block-list\">\n<li>Aber wie werde ich Mitglied? <\/li>\n<\/ul>\n\n\n\n<ul class=\"wp-block-list\">\n<li>Und, was hei\u00dft es eigentlich Mitglied einer Feuerwehr zu sein?<\/li>\n<\/ul>\n\n\n\n<h4 class=\"wp-block-heading\">Aber wie werde ich Mitglied?<\/h4>\n\n\n\n<p class=\"wp-container-content-0733e5d0\">Die erste Frage ist schnell beantwortet. Kinder ab 10 Jahre k\u00f6nnen der Jugendfeuerwehr beitreten, wo sie spielerisch die Feuerwehr kennen lernen. Das Erlernte wird in verschiedenen Zusammentreffen (Lagern) wo dann auch Bewerbe und Wiessenstests stattfinden, abgefragt. Je nach Alter und Wissensstand gibt es daf\u00fcr Abzeichen.<\/p>\n\n\n\n<p class=\"wp-container-content-0733e5d0\">Ab 15 Jahre bis 65 Jahre kann man aktives Mitglied der Feuerwehr werden. Der Eintritt ist jederzeit m\u00f6glich. In den ersten Monaten werden die Grundlagen geschult, die k\u00f6rperliche Eignung festgestellt, und du bekommst deine Einsatzuniform. Klar, ohne dieser kannst du ja nicht in den Einsatz gehen. Auch aktive Feuerwehrm\u00e4nner und Feuerwehrfrauen bilden sich st\u00e4ndig in \u00dcbungen, Schulungen und Kursen weiter.<\/p>\n\n\n\n<p>Die zweite Antwort ist sehr viel komplexer. Wenn man Mitglied einer Freiwilligen Feuerwehr ist, geh\u00f6rt man zu jenen Menschen die sich zur Aufgabe gemacht haben, Mitmenschen in Notsituationen zu helfen. Dazu geh\u00f6rt aber auch sich f\u00fcr diese Eins\u00e4tze vorzubereiten, mit den Ger\u00e4ten zu \u00fcben, diese zu pflegen und zu warten.<\/p>\n<\/div>\n<\/div>\n<\/div>\n\n\n\n<div class=\"wp-block-column is-vertically-aligned-top is-layout-flow wp-block-column-is-layout-flow\" style=\"--col-width:50%;flex-basis:50%\">\n<figure class=\"wp-block-image size-full is-style-rounded is-style-rounded--1\"><img fetchpriority=\"high\" decoding=\"async\" width=\"395\" height=\"527\" src=\"http:\/\/ff-kirchschlag.at\/wp-content\/uploads\/2025\/04\/atemschutzmann.jpg\" alt=\"\" class=\"wp-image-991\" style=\"aspect-ratio:3\/4;object-fit:cover\" srcset=\"http:\/\/ff-kirchschlag.at\/wp-content\/uploads\/2025\/04\/atemschutzmann.jpg 395w, http:\/\/ff-kirchschlag.at\/wp-content\/uploads\/2025\/04\/atemschutzmann-225x300.jpg 225w\" sizes=\"(max-width: 395px) 100vw, 395px\" \/><\/figure>\n\n\n\n<div class=\"wp-block-group has-contrast-3-background-color has-background has-global-padding is-layout-constrained wp-block-group-is-layout-constrained\">\n<p class=\"wp-container-content-0733e5d0\">Feuerwehrkommandant: <br>HBI Thomas P\u00fcrrer<\/p>\n\n\n\n<p>Feuerwehrjugendbetreuer:<br>LM Jakob Trimmel<\/p>\n<\/div>\n<\/div>\n<\/div>\n<\/div>\n\n\n\n<div class=\"wp-block-group alignfull has-base-background-color has-background has-global-padding is-layout-constrained wp-container-core-group-is-layout-d89aad35 wp-block-group-is-layout-constrained\" style=\"margin-top:0;margin-bottom:0;padding-top:var(--wp--preset--spacing--50);padding-right:var(--wp--preset--spacing--50);padding-bottom:var(--wp--preset--spacing--50);padding-left:var(--wp--preset--spacing--50)\">\n<div class=\"wp-block-columns alignwide is-layout-flex wp-container-core-columns-is-layout-d0b3c9c8 wp-block-columns-is-layout-flex\">\n<div class=\"wp-block-column is-vertically-aligned-top is-layout-flow wp-block-column-is-layout-flow\">\n<h4 class=\"wp-block-heading has-text-align-left\">Und, was hei\u00dft es eigentlich Mitglied einer Feuerwehr zu sein?<\/h4>\n\n\n\n<p>Beginnen wir von vorne. Wenn jemand beschlie\u00dft Mitglied einer Freiwilligen Feuerwehr zu werden, wird er mit dem Feuerwehrkommandanten in Kontakt treten. Es folgt das Anmelde-, und Einkleidungsprozedere, danach die ersten Ausbildungen. Bis die ersten Ausbildungsmodule absolviert sind, hat man meistens schon ein wenig Einblick in die Aufteilung der Arbeiten im Feuerwehrwesen erhalten und vielleicht auch schon festgestellt, welche T\u00e4tigkeiten man sich vorstellen kann oder welche man \u00fcberhaupt nicht mag.<\/p>\n<\/div>\n\n\n\n<div class=\"wp-block-column is-layout-flow wp-block-column-is-layout-flow\" style=\"--col-width:10px;flex-basis:10px\"><\/div>\n<\/div>\n<\/div>\n\n\n\n<h4 class=\"wp-block-heading\">Was sind die Aufgaben der Feuerwehr?<\/h4>\n\n\n\n<div class=\"wp-block-columns alignwide is-layout-flex wp-container-core-columns-is-layout-45ecca1d wp-block-columns-is-layout-flex\" style=\"padding-right:0;padding-left:0\">\n<div class=\"wp-block-column is-layout-flow wp-block-column-is-layout-flow\">\n<figure class=\"wp-block-image size-full is-style-rounded is-style-rounded--2\"><img decoding=\"async\" width=\"768\" height=\"768\" src=\"http:\/\/ff-kirchschlag.at\/wp-content\/uploads\/2025\/04\/retten.jpg\" alt=\"\" class=\"wp-image-998\" style=\"aspect-ratio:1;object-fit:cover\" srcset=\"http:\/\/ff-kirchschlag.at\/wp-content\/uploads\/2025\/04\/retten.jpg 768w, http:\/\/ff-kirchschlag.at\/wp-content\/uploads\/2025\/04\/retten-300x300.jpg 300w\" sizes=\"(max-width: 768px) 100vw, 768px\" \/><\/figure>\n\n\n\n<div class=\"wp-block-group is-vertical is-content-justification-center is-nowrap is-layout-flex wp-container-core-group-is-layout-21d4e958 wp-block-group-is-layout-flex\">\n<p class=\"has-text-align-center has-small-font-size\"><strong>Retten<\/strong><\/p>\n\n\n<\/div>\n<\/div>\n\n\n\n<div class=\"wp-block-column is-layout-flow wp-block-column-is-layout-flow\">\n<figure class=\"wp-block-image size-full is-style-rounded is-style-rounded--3\"><img decoding=\"async\" width=\"800\" height=\"800\" src=\"http:\/\/ff-kirchschlag.at\/wp-content\/uploads\/2025\/04\/loeschen-1.jpg\" alt=\"\" class=\"wp-image-999\" style=\"aspect-ratio:1;object-fit:cover\" srcset=\"http:\/\/ff-kirchschlag.at\/wp-content\/uploads\/2025\/04\/loeschen-1.jpg 800w, http:\/\/ff-kirchschlag.at\/wp-content\/uploads\/2025\/04\/loeschen-1-300x300.jpg 300w, http:\/\/ff-kirchschlag.at\/wp-content\/uploads\/2025\/04\/loeschen-1-768x768.jpg 768w\" sizes=\"(max-width: 800px) 100vw, 800px\" \/><\/figure>\n\n\n\n<div class=\"wp-block-group is-vertical is-content-justification-center is-nowrap is-layout-flex wp-container-core-group-is-layout-63bfd6c1 wp-block-group-is-layout-flex\">\n<p class=\"has-text-align-center has-small-font-size\"><strong>L\u00f6schen<\/strong><\/p>\n\n\n<\/div>\n<\/div>\n\n\n\n<div class=\"wp-block-column is-layout-flow wp-block-column-is-layout-flow\">\n<figure class=\"wp-block-image size-full is-style-rounded is-style-rounded--4\"><img loading=\"lazy\" decoding=\"async\" width=\"1120\" height=\"1120\" src=\"http:\/\/ff-kirchschlag.at\/wp-content\/uploads\/2025\/04\/bergen.jpg\" alt=\"\" class=\"wp-image-1000\" style=\"aspect-ratio:1;object-fit:cover\" srcset=\"http:\/\/ff-kirchschlag.at\/wp-content\/uploads\/2025\/04\/bergen.jpg 1120w, http:\/\/ff-kirchschlag.at\/wp-content\/uploads\/2025\/04\/bergen-300x300.jpg 300w, http:\/\/ff-kirchschlag.at\/wp-content\/uploads\/2025\/04\/bergen-1024x1024.jpg 1024w, http:\/\/ff-kirchschlag.at\/wp-content\/uploads\/2025\/04\/bergen-768x768.jpg 768w\" sizes=\"(max-width: 1120px) 100vw, 1120px\" \/><\/figure>\n\n\n\n<div class=\"wp-block-group is-vertical is-content-justification-center is-nowrap is-layout-flex wp-container-core-group-is-layout-63bfd6c1 wp-block-group-is-layout-flex\">\n<p class=\"has-text-align-center has-small-font-size\"><strong>Bergen<\/strong><\/p>\n\n\n<\/div>\n<\/div>\n\n\n\n<div class=\"wp-block-column is-layout-flow wp-block-column-is-layout-flow\">\n<figure class=\"wp-block-image size-full is-style-rounded is-style-rounded--5\"><img loading=\"lazy\" decoding=\"async\" width=\"471\" height=\"532\" src=\"http:\/\/ff-kirchschlag.at\/wp-content\/uploads\/2025\/12\/schuetzuen.jpg\" alt=\"Feuerwehrstreifemann beim Verkehr regeln\" class=\"wp-image-1348\" style=\"aspect-ratio:1;object-fit:cover\" srcset=\"http:\/\/ff-kirchschlag.at\/wp-content\/uploads\/2025\/12\/schuetzuen.jpg 471w, http:\/\/ff-kirchschlag.at\/wp-content\/uploads\/2025\/12\/schuetzuen-266x300.jpg 266w\" sizes=\"(max-width: 471px) 100vw, 471px\" \/><\/figure>\n\n\n\n<div class=\"wp-block-group is-vertical is-content-justification-center is-nowrap is-layout-flex wp-container-core-group-is-layout-21d4e958 wp-block-group-is-layout-flex\">\n<p class=\"has-text-align-center has-small-font-size\"><strong>Sch\u00fctzen<\/strong><\/p>\n\n\n<\/div>\n<\/div>\n<\/div>\n","protected":false},"excerpt":{"rendered":"<p>Beinahe jedes Kind hat einmal den Traum Feuerwerhrfau oder Feuerwehrmann zu werden. Aber wie werde ich Mitglied? Die erste Frage ist schnell beantwortet. Kinder ab 10 Jahre k\u00f6nnen der Jugendfeuerwehr beitreten, wo sie spielerisch die Feuerwehr kennen lernen. Das Erlernte wird in verschiedenen Zusammentreffen (Lagern) wo dann auch Bewerbe und Wiessenstests stattfinden, abgefragt. Je nach [&hellip;]<\/p>\n","protected":false},"author":1,"featured_media":0,"parent":0,"menu_order":0,"comment_status":"closed","ping_status":"closed","template":"","meta":{"ngg_post_thumbnail":0,"footnotes":""},"class_list":["post-624","page","type-page","status-publish","hentry"],"yoast_head":"<!-- This site is optimized with the Yoast SEO plugin v27.4 - https:\/\/yoast.com\/product\/yoast-seo-wordpress\/ -->\n<title>Wie werde ich Feuerwehrfrau oder Feuerwehrmann? - Freiwillige Feuerwehr Kirchschlag<\/title>\n<meta name=\"robots\" content=\"index, follow, max-snippet:-1, max-image-preview:large, max-video-preview:-1\" \/>\n<link rel=\"canonical\" href=\"http:\/\/ff-kirchschlag.at\/?page_id=624\" \/>\n<meta property=\"og:locale\" content=\"de_DE\" \/>\n<meta property=\"og:type\" content=\"article\" \/>\n<meta property=\"og:title\" content=\"Wie werde ich Feuerwehrfrau oder Feuerwehrmann? - Freiwillige Feuerwehr Kirchschlag\" \/>\n<meta property=\"og:description\" content=\"Beinahe jedes Kind hat einmal den Traum Feuerwerhrfau oder Feuerwehrmann zu werden. Aber wie werde ich Mitglied? Die erste Frage ist schnell beantwortet. Kinder ab 10 Jahre k\u00f6nnen der Jugendfeuerwehr beitreten, wo sie spielerisch die Feuerwehr kennen lernen. Das Erlernte wird in verschiedenen Zusammentreffen (Lagern) wo dann auch Bewerbe und Wiessenstests stattfinden, abgefragt. Je nach [&hellip;]\" \/>\n<meta property=\"og:url\" content=\"http:\/\/ff-kirchschlag.at\/?page_id=624\" \/>\n<meta property=\"og:site_name\" content=\"Freiwillige Feuerwehr Kirchschlag\" \/>\n<meta property=\"article:modified_time\" content=\"2025-12-07T11:53:57+00:00\" \/>\n<meta property=\"og:image\" content=\"http:\/\/ff-kirchschlag.at\/wp-content\/uploads\/2025\/04\/atemschutzmann.jpg\" \/>\n<meta name=\"twitter:card\" content=\"summary_large_image\" \/>\n<meta name=\"twitter:label1\" content=\"Gesch\u00e4tzte Lesezeit\" \/>\n\t<meta name=\"twitter:data1\" content=\"3\u00a0Minuten\" \/>\n<script type=\"application\/ld+json\" class=\"yoast-schema-graph\">{\"@context\":\"https:\\\/\\\/schema.org\",\"@graph\":[{\"@type\":\"WebPage\",\"@id\":\"http:\\\/\\\/ff-kirchschlag.at\\\/?page_id=624\",\"url\":\"http:\\\/\\\/ff-kirchschlag.at\\\/?page_id=624\",\"name\":\"Wie werde ich Feuerwehrfrau oder Feuerwehrmann? - Freiwillige Feuerwehr Kirchschlag\",\"isPartOf\":{\"@id\":\"https:\\\/\\\/ff-kirchschlag.at\\\/#website\"},\"primaryImageOfPage\":{\"@id\":\"http:\\\/\\\/ff-kirchschlag.at\\\/?page_id=624#primaryimage\"},\"image\":{\"@id\":\"http:\\\/\\\/ff-kirchschlag.at\\\/?page_id=624#primaryimage\"},\"thumbnailUrl\":\"http:\\\/\\\/ff-kirchschlag.at\\\/wp-content\\\/uploads\\\/2025\\\/04\\\/atemschutzmann.jpg\",\"datePublished\":\"2024-08-27T19:05:47+00:00\",\"dateModified\":\"2025-12-07T11:53:57+00:00\",\"breadcrumb\":{\"@id\":\"http:\\\/\\\/ff-kirchschlag.at\\\/?page_id=624#breadcrumb\"},\"inLanguage\":\"de\",\"potentialAction\":[{\"@type\":\"ReadAction\",\"target\":[\"http:\\\/\\\/ff-kirchschlag.at\\\/?page_id=624\"]}]},{\"@type\":\"ImageObject\",\"inLanguage\":\"de\",\"@id\":\"http:\\\/\\\/ff-kirchschlag.at\\\/?page_id=624#primaryimage\",\"url\":\"http:\\\/\\\/ff-kirchschlag.at\\\/wp-content\\\/uploads\\\/2025\\\/04\\\/atemschutzmann.jpg\",\"contentUrl\":\"http:\\\/\\\/ff-kirchschlag.at\\\/wp-content\\\/uploads\\\/2025\\\/04\\\/atemschutzmann.jpg\",\"width\":395,\"height\":527},{\"@type\":\"BreadcrumbList\",\"@id\":\"http:\\\/\\\/ff-kirchschlag.at\\\/?page_id=624#breadcrumb\",\"itemListElement\":[{\"@type\":\"ListItem\",\"position\":1,\"name\":\"Startseite\",\"item\":\"https:\\\/\\\/ff-kirchschlag.at\\\/\"},{\"@type\":\"ListItem\",\"position\":2,\"name\":\"Wie werde ich Feuerwehrfrau oder Feuerwehrmann?\"}]},{\"@type\":\"WebSite\",\"@id\":\"https:\\\/\\\/ff-kirchschlag.at\\\/#website\",\"url\":\"https:\\\/\\\/ff-kirchschlag.at\\\/\",\"name\":\"Freiwillige Feuerwehr Kirchschlag\",\"description\":\"Freiwillige Feuerwehr Kirchschlag idBW\",\"publisher\":{\"@id\":\"https:\\\/\\\/ff-kirchschlag.at\\\/#organization\"},\"potentialAction\":[{\"@type\":\"SearchAction\",\"target\":{\"@type\":\"EntryPoint\",\"urlTemplate\":\"https:\\\/\\\/ff-kirchschlag.at\\\/?s={search_term_string}\"},\"query-input\":{\"@type\":\"PropertyValueSpecification\",\"valueRequired\":true,\"valueName\":\"search_term_string\"}}],\"inLanguage\":\"de\"},{\"@type\":\"Organization\",\"@id\":\"https:\\\/\\\/ff-kirchschlag.at\\\/#organization\",\"name\":\"Freiwillige Feuerwehr Kirchschlag\",\"url\":\"https:\\\/\\\/ff-kirchschlag.at\\\/\",\"logo\":{\"@type\":\"ImageObject\",\"inLanguage\":\"de\",\"@id\":\"https:\\\/\\\/ff-kirchschlag.at\\\/#\\\/schema\\\/logo\\\/image\\\/\",\"url\":\"http:\\\/\\\/ff-kirchschlag.at\\\/wp-content\\\/uploads\\\/2024\\\/08\\\/ff-logo-1.png\",\"contentUrl\":\"http:\\\/\\\/ff-kirchschlag.at\\\/wp-content\\\/uploads\\\/2024\\\/08\\\/ff-logo-1.png\",\"width\":317,\"height\":382,\"caption\":\"Freiwillige Feuerwehr Kirchschlag\"},\"image\":{\"@id\":\"https:\\\/\\\/ff-kirchschlag.at\\\/#\\\/schema\\\/logo\\\/image\\\/\"}}]}<\/script>\n<!-- \/ Yoast SEO plugin. -->","yoast_head_json":{"title":"Wie werde ich Feuerwehrfrau oder Feuerwehrmann? - Freiwillige Feuerwehr Kirchschlag","robots":{"index":"index","follow":"follow","max-snippet":"max-snippet:-1","max-image-preview":"max-image-preview:large","max-video-preview":"max-video-preview:-1"},"canonical":"http:\/\/ff-kirchschlag.at\/?page_id=624","og_locale":"de_DE","og_type":"article","og_title":"Wie werde ich Feuerwehrfrau oder Feuerwehrmann? - Freiwillige Feuerwehr Kirchschlag","og_description":"Beinahe jedes Kind hat einmal den Traum Feuerwerhrfau oder Feuerwehrmann zu werden. Aber wie werde ich Mitglied? Die erste Frage ist schnell beantwortet. Kinder ab 10 Jahre k\u00f6nnen der Jugendfeuerwehr beitreten, wo sie spielerisch die Feuerwehr kennen lernen. Das Erlernte wird in verschiedenen Zusammentreffen (Lagern) wo dann auch Bewerbe und Wiessenstests stattfinden, abgefragt. Je nach [&hellip;]","og_url":"http:\/\/ff-kirchschlag.at\/?page_id=624","og_site_name":"Freiwillige Feuerwehr Kirchschlag","article_modified_time":"2025-12-07T11:53:57+00:00","og_image":[{"url":"http:\/\/ff-kirchschlag.at\/wp-content\/uploads\/2025\/04\/atemschutzmann.jpg","type":"","width":"","height":""}],"twitter_card":"summary_large_image","twitter_misc":{"Gesch\u00e4tzte Lesezeit":"3\u00a0Minuten"},"schema":{"@context":"https:\/\/schema.org","@graph":[{"@type":"WebPage","@id":"http:\/\/ff-kirchschlag.at\/?page_id=624","url":"http:\/\/ff-kirchschlag.at\/?page_id=624","name":"Wie werde ich Feuerwehrfrau oder Feuerwehrmann? - Freiwillige Feuerwehr Kirchschlag","isPartOf":{"@id":"https:\/\/ff-kirchschlag.at\/#website"},"primaryImageOfPage":{"@id":"http:\/\/ff-kirchschlag.at\/?page_id=624#primaryimage"},"image":{"@id":"http:\/\/ff-kirchschlag.at\/?page_id=624#primaryimage"},"thumbnailUrl":"http:\/\/ff-kirchschlag.at\/wp-content\/uploads\/2025\/04\/atemschutzmann.jpg","datePublished":"2024-08-27T19:05:47+00:00","dateModified":"2025-12-07T11:53:57+00:00","breadcrumb":{"@id":"http:\/\/ff-kirchschlag.at\/?page_id=624#breadcrumb"},"inLanguage":"de","potentialAction":[{"@type":"ReadAction","target":["http:\/\/ff-kirchschlag.at\/?page_id=624"]}]},{"@type":"ImageObject","inLanguage":"de","@id":"http:\/\/ff-kirchschlag.at\/?page_id=624#primaryimage","url":"http:\/\/ff-kirchschlag.at\/wp-content\/uploads\/2025\/04\/atemschutzmann.jpg","contentUrl":"http:\/\/ff-kirchschlag.at\/wp-content\/uploads\/2025\/04\/atemschutzmann.jpg","width":395,"height":527},{"@type":"BreadcrumbList","@id":"http:\/\/ff-kirchschlag.at\/?page_id=624#breadcrumb","itemListElement":[{"@type":"ListItem","position":1,"name":"Startseite","item":"https:\/\/ff-kirchschlag.at\/"},{"@type":"ListItem","position":2,"name":"Wie werde ich Feuerwehrfrau oder Feuerwehrmann?"}]},{"@type":"WebSite","@id":"https:\/\/ff-kirchschlag.at\/#website","url":"https:\/\/ff-kirchschlag.at\/","name":"Freiwillige Feuerwehr Kirchschlag","description":"Freiwillige Feuerwehr Kirchschlag idBW","publisher":{"@id":"https:\/\/ff-kirchschlag.at\/#organization"},"potentialAction":[{"@type":"SearchAction","target":{"@type":"EntryPoint","urlTemplate":"https:\/\/ff-kirchschlag.at\/?s={search_term_string}"},"query-input":{"@type":"PropertyValueSpecification","valueRequired":true,"valueName":"search_term_string"}}],"inLanguage":"de"},{"@type":"Organization","@id":"https:\/\/ff-kirchschlag.at\/#organization","name":"Freiwillige Feuerwehr Kirchschlag","url":"https:\/\/ff-kirchschlag.at\/","logo":{"@type":"ImageObject","inLanguage":"de","@id":"https:\/\/ff-kirchschlag.at\/#\/schema\/logo\/image\/","url":"http:\/\/ff-kirchschlag.at\/wp-content\/uploads\/2024\/08\/ff-logo-1.png","contentUrl":"http:\/\/ff-kirchschlag.at\/wp-content\/uploads\/2024\/08\/ff-logo-1.png","width":317,"height":382,"caption":"Freiwillige Feuerwehr Kirchschlag"},"image":{"@id":"https:\/\/ff-kirchschlag.at\/#\/schema\/logo\/image\/"}}]}},"_links":{"self":[{"href":"http:\/\/ff-kirchschlag.at\/index.php?rest_route=\/wp\/v2\/pages\/624","targetHints":{"allow":["GET"]}}],"collection":[{"href":"http:\/\/ff-kirchschlag.at\/index.php?rest_route=\/wp\/v2\/pages"}],"about":[{"href":"http:\/\/ff-kirchschlag.at\/index.php?rest_route=\/wp\/v2\/types\/page"}],"author":[{"embeddable":true,"href":"http:\/\/ff-kirchschlag.at\/index.php?rest_route=\/wp\/v2\/users\/1"}],"replies":[{"embeddable":true,"href":"http:\/\/ff-kirchschlag.at\/index.php?rest_route=%2Fwp%2Fv2%2Fcomments&post=624"}],"version-history":[{"count":19,"href":"http:\/\/ff-kirchschlag.at\/index.php?rest_route=\/wp\/v2\/pages\/624\/revisions"}],"predecessor-version":[{"id":1350,"href":"http:\/\/ff-kirchschlag.at\/index.php?rest_route=\/wp\/v2\/pages\/624\/revisions\/1350"}],"wp:attachment":[{"href":"http:\/\/ff-kirchschlag.at\/index.php?rest_route=%2Fwp%2Fv2%2Fmedia&parent=624"}],"curies":[{"name":"wp","href":"https:\/\/api.w.org\/{rel}","templated":true}]}}