{"id":558,"date":"2024-08-19T22:12:05","date_gmt":"2024-08-19T20:12:05","guid":{"rendered":"http:\/\/ff-kirchschlag.at\/?page_id=558"},"modified":"2026-03-29T22:44:43","modified_gmt":"2026-03-29T20:44:43","slug":"impressum","status":"publish","type":"page","link":"http:\/\/ff-kirchschlag.at\/?page_id=558","title":{"rendered":"Impressum"},"content":{"rendered":"\n<p><strong><br>Verantwortlich f\u00fcr den Inhalt dieser Website<\/strong>:<br>Freiwillige Feuerwehr Kirchschlag in der Buckligen Welt<br>Hofwiese 21<br>2860 Kirchschlag<\/p>\n\n\n\n<p>Kommandant OBI Gottfried Steiner<br>Tel.: +43(0) 0677\/62399955<\/p>\n\n\n\n<p><a href=\"mailto:kirchschlag-bw@feuerwehr.gv.at\">kirchschlag-bw@feuerwehr.gv.at<\/a><br><a href=\"https:\/\/www.ff-kirchschlag.at\">www.ff-kirchschlag.at<\/a><\/p>\n\n\n\n<p><strong>Datenschutz:<br><\/strong>Die Behandlung s\u00e4mtlicher Daten erfolgt im Rahmen der geltenden gesetzlichen Datenschutzbestimmungen. Sie werden hiermit gem\u00e4\u00df \u00a7 33 Abs.1 Bundesdatenschutzgesetz davon unterrichtet, dass Ihre personenbezogenen Daten, soweit erforderlich, in maschinenlesbarer Form gespeichert werden. Eine Weitergabe an Dritte findet nicht statt.<br><br><strong>\u00a9 Freiwillige Feuerwehr&nbsp;Kirchschlag in der Buckligen Welt<\/strong><br>S\u00e4mtliche Inhalte dieser Website, insbesondere Texte, Fotos, Grafiken und Layout sind urheberrechtlich gesch\u00fctzt. Das Kopieren oder die Reproduktion der gesamten Website bzw. von Teilen dieser Website sind nicht gestattet. Die Verwendung von Fotos darf nur mit ausdr\u00fccklicher, schriftlicher Zustimmung durch uns und unter Nennung des Urhebers erfolgen.<br><br><strong>Haftung:<\/strong><br>F\u00fcr etwaige Satzfehler und die Richtigkeit der Eintr\u00e4ge auf dieser Website k\u00f6nnen wir trotz gr\u00f6\u00dfter Sorgfalt keine Gew\u00e4hr \u00fcbernehmen. Die Inhalte externer Webseiten, auf die wir einen Link gerichtet haben, wurden von uns sorgf\u00e4ltig gepr\u00fcft. Bitte beachten Sie dazu den Haftungsausschluss.<br><br><strong>F\u00fcr alle diese Links gilt:<\/strong><br>Wir erkl\u00e4ren ausdr\u00fccklich, dass wir keinerlei Einfluss auf die Gestaltung und die Inhalte der gelinkten Seiten haben. Deshalb distanzieren wir uns hiermit ausdr\u00fccklich von allen Inhalten aller gelinkten Seiten auf dieser Homepage und machen uns diese Inhalte nicht zu Eigen. Diese Erkl\u00e4rung gilt f\u00fcr alle auf dieser Domain angezeigten Links und f\u00fcr alle Inhalte der Seiten, zu denen die hier angebrachten Links f\u00fchren.<\/p>\n\n\n\n<p><strong>Gespeicherte Daten:<\/strong><br>Es werden zum Betrieb des Webservers Logfiles gespeichert. Diese enthalten, <\/p>\n\n\n\n<ul class=\"wp-block-list\">\n<li>Datum und Uhrzeit des Serverzugriffes<\/li>\n\n\n\n<li>die aufgerufene Seite (URL)<\/li>\n\n\n\n<li>den Browser plus Version<\/li>\n\n\n\n<li>die Referrer URL (vorherige Webseite)<\/li>\n\n\n\n<li>das Betriebssystem ihres Ger\u00e4tes<\/li>\n\n\n\n<li>IP-Adresse und Hostname ihres Ger\u00e4tes<\/li>\n<\/ul>\n","protected":false},"excerpt":{"rendered":"<p>Verantwortlich f\u00fcr den Inhalt dieser Website:Freiwillige Feuerwehr Kirchschlag in der Buckligen WeltHofwiese 212860 Kirchschlag Kommandant OBI Gottfried SteinerTel.: +43(0) 0677\/62399955 kirchschlag-bw@feuerwehr.gv.atwww.ff-kirchschlag.at Datenschutz:Die Behandlung s\u00e4mtlicher Daten erfolgt im Rahmen der geltenden gesetzlichen Datenschutzbestimmungen. Sie werden hiermit gem\u00e4\u00df \u00a7 33 Abs.1 Bundesdatenschutzgesetz davon unterrichtet, dass Ihre personenbezogenen Daten, soweit erforderlich, in maschinenlesbarer Form gespeichert werden. Eine Weitergabe [&hellip;]<\/p>\n","protected":false},"author":1,"featured_media":0,"parent":0,"menu_order":0,"comment_status":"closed","ping_status":"closed","template":"page-wide","meta":{"ngg_post_thumbnail":0,"footnotes":""},"class_list":["post-558","page","type-page","status-publish","hentry"],"yoast_head":"<!-- This site is optimized with the Yoast SEO plugin v27.4 - https:\/\/yoast.com\/product\/yoast-seo-wordpress\/ -->\n<title>Impressum - Freiwillige Feuerwehr Kirchschlag<\/title>\n<meta name=\"robots\" content=\"index, follow, max-snippet:-1, max-image-preview:large, max-video-preview:-1\" \/>\n<link rel=\"canonical\" href=\"http:\/\/ff-kirchschlag.at\/?page_id=558\" \/>\n<meta property=\"og:locale\" content=\"de_DE\" \/>\n<meta property=\"og:type\" content=\"article\" \/>\n<meta property=\"og:title\" content=\"Impressum - Freiwillige Feuerwehr Kirchschlag\" \/>\n<meta property=\"og:description\" content=\"Verantwortlich f\u00fcr den Inhalt dieser Website:Freiwillige Feuerwehr Kirchschlag in der Buckligen WeltHofwiese 212860 Kirchschlag Kommandant OBI Gottfried SteinerTel.: +43(0) 0677\/62399955 kirchschlag-bw@feuerwehr.gv.atwww.ff-kirchschlag.at Datenschutz:Die Behandlung s\u00e4mtlicher Daten erfolgt im Rahmen der geltenden gesetzlichen Datenschutzbestimmungen. Sie werden hiermit gem\u00e4\u00df \u00a7 33 Abs.1 Bundesdatenschutzgesetz davon unterrichtet, dass Ihre personenbezogenen Daten, soweit erforderlich, in maschinenlesbarer Form gespeichert werden. Eine Weitergabe [&hellip;]\" \/>\n<meta property=\"og:url\" content=\"http:\/\/ff-kirchschlag.at\/?page_id=558\" \/>\n<meta property=\"og:site_name\" content=\"Freiwillige Feuerwehr Kirchschlag\" \/>\n<meta property=\"article:modified_time\" content=\"2026-03-29T20:44:43+00:00\" \/>\n<meta name=\"twitter:card\" content=\"summary_large_image\" \/>\n<meta name=\"twitter:label1\" content=\"Gesch\u00e4tzte Lesezeit\" \/>\n\t<meta name=\"twitter:data1\" content=\"2\u00a0Minuten\" \/>\n<script type=\"application\/ld+json\" class=\"yoast-schema-graph\">{\"@context\":\"https:\\\/\\\/schema.org\",\"@graph\":[{\"@type\":\"WebPage\",\"@id\":\"http:\\\/\\\/ff-kirchschlag.at\\\/?page_id=558\",\"url\":\"http:\\\/\\\/ff-kirchschlag.at\\\/?page_id=558\",\"name\":\"Impressum - Freiwillige Feuerwehr Kirchschlag\",\"isPartOf\":{\"@id\":\"https:\\\/\\\/ff-kirchschlag.at\\\/#website\"},\"datePublished\":\"2024-08-19T20:12:05+00:00\",\"dateModified\":\"2026-03-29T20:44:43+00:00\",\"breadcrumb\":{\"@id\":\"http:\\\/\\\/ff-kirchschlag.at\\\/?page_id=558#breadcrumb\"},\"inLanguage\":\"de\",\"potentialAction\":[{\"@type\":\"ReadAction\",\"target\":[\"http:\\\/\\\/ff-kirchschlag.at\\\/?page_id=558\"]}]},{\"@type\":\"BreadcrumbList\",\"@id\":\"http:\\\/\\\/ff-kirchschlag.at\\\/?page_id=558#breadcrumb\",\"itemListElement\":[{\"@type\":\"ListItem\",\"position\":1,\"name\":\"Startseite\",\"item\":\"https:\\\/\\\/ff-kirchschlag.at\\\/\"},{\"@type\":\"ListItem\",\"position\":2,\"name\":\"Impressum\"}]},{\"@type\":\"WebSite\",\"@id\":\"https:\\\/\\\/ff-kirchschlag.at\\\/#website\",\"url\":\"https:\\\/\\\/ff-kirchschlag.at\\\/\",\"name\":\"Freiwillige Feuerwehr Kirchschlag\",\"description\":\"Freiwillige Feuerwehr Kirchschlag idBW\",\"publisher\":{\"@id\":\"https:\\\/\\\/ff-kirchschlag.at\\\/#organization\"},\"potentialAction\":[{\"@type\":\"SearchAction\",\"target\":{\"@type\":\"EntryPoint\",\"urlTemplate\":\"https:\\\/\\\/ff-kirchschlag.at\\\/?s={search_term_string}\"},\"query-input\":{\"@type\":\"PropertyValueSpecification\",\"valueRequired\":true,\"valueName\":\"search_term_string\"}}],\"inLanguage\":\"de\"},{\"@type\":\"Organization\",\"@id\":\"https:\\\/\\\/ff-kirchschlag.at\\\/#organization\",\"name\":\"Freiwillige Feuerwehr Kirchschlag\",\"url\":\"https:\\\/\\\/ff-kirchschlag.at\\\/\",\"logo\":{\"@type\":\"ImageObject\",\"inLanguage\":\"de\",\"@id\":\"https:\\\/\\\/ff-kirchschlag.at\\\/#\\\/schema\\\/logo\\\/image\\\/\",\"url\":\"http:\\\/\\\/ff-kirchschlag.at\\\/wp-content\\\/uploads\\\/2024\\\/08\\\/ff-logo-1.png\",\"contentUrl\":\"http:\\\/\\\/ff-kirchschlag.at\\\/wp-content\\\/uploads\\\/2024\\\/08\\\/ff-logo-1.png\",\"width\":317,\"height\":382,\"caption\":\"Freiwillige Feuerwehr Kirchschlag\"},\"image\":{\"@id\":\"https:\\\/\\\/ff-kirchschlag.at\\\/#\\\/schema\\\/logo\\\/image\\\/\"}}]}<\/script>\n<!-- \/ Yoast SEO plugin. -->","yoast_head_json":{"title":"Impressum - Freiwillige Feuerwehr Kirchschlag","robots":{"index":"index","follow":"follow","max-snippet":"max-snippet:-1","max-image-preview":"max-image-preview:large","max-video-preview":"max-video-preview:-1"},"canonical":"http:\/\/ff-kirchschlag.at\/?page_id=558","og_locale":"de_DE","og_type":"article","og_title":"Impressum - Freiwillige Feuerwehr Kirchschlag","og_description":"Verantwortlich f\u00fcr den Inhalt dieser Website:Freiwillige Feuerwehr Kirchschlag in der Buckligen WeltHofwiese 212860 Kirchschlag Kommandant OBI Gottfried SteinerTel.: +43(0) 0677\/62399955 kirchschlag-bw@feuerwehr.gv.atwww.ff-kirchschlag.at Datenschutz:Die Behandlung s\u00e4mtlicher Daten erfolgt im Rahmen der geltenden gesetzlichen Datenschutzbestimmungen. Sie werden hiermit gem\u00e4\u00df \u00a7 33 Abs.1 Bundesdatenschutzgesetz davon unterrichtet, dass Ihre personenbezogenen Daten, soweit erforderlich, in maschinenlesbarer Form gespeichert werden. Eine Weitergabe [&hellip;]","og_url":"http:\/\/ff-kirchschlag.at\/?page_id=558","og_site_name":"Freiwillige Feuerwehr Kirchschlag","article_modified_time":"2026-03-29T20:44:43+00:00","twitter_card":"summary_large_image","twitter_misc":{"Gesch\u00e4tzte Lesezeit":"2\u00a0Minuten"},"schema":{"@context":"https:\/\/schema.org","@graph":[{"@type":"WebPage","@id":"http:\/\/ff-kirchschlag.at\/?page_id=558","url":"http:\/\/ff-kirchschlag.at\/?page_id=558","name":"Impressum - Freiwillige Feuerwehr Kirchschlag","isPartOf":{"@id":"https:\/\/ff-kirchschlag.at\/#website"},"datePublished":"2024-08-19T20:12:05+00:00","dateModified":"2026-03-29T20:44:43+00:00","breadcrumb":{"@id":"http:\/\/ff-kirchschlag.at\/?page_id=558#breadcrumb"},"inLanguage":"de","potentialAction":[{"@type":"ReadAction","target":["http:\/\/ff-kirchschlag.at\/?page_id=558"]}]},{"@type":"BreadcrumbList","@id":"http:\/\/ff-kirchschlag.at\/?page_id=558#breadcrumb","itemListElement":[{"@type":"ListItem","position":1,"name":"Startseite","item":"https:\/\/ff-kirchschlag.at\/"},{"@type":"ListItem","position":2,"name":"Impressum"}]},{"@type":"WebSite","@id":"https:\/\/ff-kirchschlag.at\/#website","url":"https:\/\/ff-kirchschlag.at\/","name":"Freiwillige Feuerwehr Kirchschlag","description":"Freiwillige Feuerwehr Kirchschlag idBW","publisher":{"@id":"https:\/\/ff-kirchschlag.at\/#organization"},"potentialAction":[{"@type":"SearchAction","target":{"@type":"EntryPoint","urlTemplate":"https:\/\/ff-kirchschlag.at\/?s={search_term_string}"},"query-input":{"@type":"PropertyValueSpecification","valueRequired":true,"valueName":"search_term_string"}}],"inLanguage":"de"},{"@type":"Organization","@id":"https:\/\/ff-kirchschlag.at\/#organization","name":"Freiwillige Feuerwehr Kirchschlag","url":"https:\/\/ff-kirchschlag.at\/","logo":{"@type":"ImageObject","inLanguage":"de","@id":"https:\/\/ff-kirchschlag.at\/#\/schema\/logo\/image\/","url":"http:\/\/ff-kirchschlag.at\/wp-content\/uploads\/2024\/08\/ff-logo-1.png","contentUrl":"http:\/\/ff-kirchschlag.at\/wp-content\/uploads\/2024\/08\/ff-logo-1.png","width":317,"height":382,"caption":"Freiwillige Feuerwehr Kirchschlag"},"image":{"@id":"https:\/\/ff-kirchschlag.at\/#\/schema\/logo\/image\/"}}]}},"_links":{"self":[{"href":"http:\/\/ff-kirchschlag.at\/index.php?rest_route=\/wp\/v2\/pages\/558","targetHints":{"allow":["GET"]}}],"collection":[{"href":"http:\/\/ff-kirchschlag.at\/index.php?rest_route=\/wp\/v2\/pages"}],"about":[{"href":"http:\/\/ff-kirchschlag.at\/index.php?rest_route=\/wp\/v2\/types\/page"}],"author":[{"embeddable":true,"href":"http:\/\/ff-kirchschlag.at\/index.php?rest_route=\/wp\/v2\/users\/1"}],"replies":[{"embeddable":true,"href":"http:\/\/ff-kirchschlag.at\/index.php?rest_route=%2Fwp%2Fv2%2Fcomments&post=558"}],"version-history":[{"count":8,"href":"http:\/\/ff-kirchschlag.at\/index.php?rest_route=\/wp\/v2\/pages\/558\/revisions"}],"predecessor-version":[{"id":1459,"href":"http:\/\/ff-kirchschlag.at\/index.php?rest_route=\/wp\/v2\/pages\/558\/revisions\/1459"}],"wp:attachment":[{"href":"http:\/\/ff-kirchschlag.at\/index.php?rest_route=%2Fwp%2Fv2%2Fmedia&parent=558"}],"curies":[{"name":"wp","href":"https:\/\/api.w.org\/{rel}","templated":true}]}}