{"id":22,"date":"2024-04-15T20:44:54","date_gmt":"2024-04-15T18:44:54","guid":{"rendered":"http:\/\/ff-kirchschlag.at\/?page_id=22"},"modified":"2026-03-30T19:59:19","modified_gmt":"2026-03-30T17:59:19","slug":"jugend","status":"publish","type":"page","link":"http:\/\/ff-kirchschlag.at\/?page_id=22","title":{"rendered":"Jugendgruppe der FF Kirchschlag"},"content":{"rendered":"\n<div class=\"wp-block-group has-global-padding is-layout-constrained wp-block-group-is-layout-constrained\">\n<figure class=\"wp-block-image alignleft size-full is-resized\"><img fetchpriority=\"high\" decoding=\"async\" width=\"263\" height=\"324\" src=\"http:\/\/ff-kirchschlag.at\/wp-content\/uploads\/2024\/08\/Feuerwehrjugend_Korpsabzeichen.png\" alt=\"Feuerwehrjugend Chorabzeichen\" class=\"wp-image-437\" style=\"width:148px\" srcset=\"http:\/\/ff-kirchschlag.at\/wp-content\/uploads\/2024\/08\/Feuerwehrjugend_Korpsabzeichen.png 263w, http:\/\/ff-kirchschlag.at\/wp-content\/uploads\/2024\/08\/Feuerwehrjugend_Korpsabzeichen-244x300.png 244w\" sizes=\"(max-width: 263px) 100vw, 263px\" \/><\/figure>\n\n\n\n<p>Die Freiwilligen Feuerwehren leisten in Nieder\u00f6sterreich wertvolle Arbeit. Wir l\u00f6schen Br\u00e4nde, sch\u00fctzen die Bev\u00f6lkerung vor Feuer und Hochwasser und retten Verletzte. Fast 100.000 Frauen und M\u00e4nner sind in Nieder\u00f6sterreich Mitglieder einer Feuerwehr.<\/p>\n\n\n\n<p>Feuerwehrmitglied zu sein ist aber kein Beruf. Die Mitglieder der Freiwilligen Feuerwehren machen das alles in ihrer Freizeit.<\/p>\n<\/div>\n\n\n\n<div class=\"wp-block-group has-global-padding is-layout-constrained wp-block-group-is-layout-constrained\">\n<figure class=\"wp-block-image alignright size-full is-resized\"><img decoding=\"async\" width=\"709\" height=\"709\" src=\"http:\/\/ff-kirchschlag.at\/wp-content\/uploads\/2024\/08\/elche-kombi.png\" alt=\"Emma und Paul\" class=\"wp-image-431\" style=\"width:202px\" srcset=\"http:\/\/ff-kirchschlag.at\/wp-content\/uploads\/2024\/08\/elche-kombi.png 709w, http:\/\/ff-kirchschlag.at\/wp-content\/uploads\/2024\/08\/elche-kombi-300x300.png 300w\" sizes=\"(max-width: 709px) 100vw, 709px\" \/><\/figure>\n\n\n\n<p>In den Feuerwehrjugendgruppen werden unsere M\u00e4dchen und Burschen f\u00fcr die Aufgaben eines Feuerwehrmitgliedes vorbereitet. Die Ausbildung beginnt im Alter von 10 Jahren. Fr\u00fchestens mit 15 Jahren kann man dann in den Aktivdienst \u00fcberstellt werden. Bei uns in der Feuerwehrjugend ist immer eine Menge los. Sport und Spiel, Action und Spa\u00df geh\u00f6ren einfach dazu.<\/p>\n\n\n\n<p>Bei uns in Kirchschlag sind in der Feuerwehrjugendgruppe&nbsp;Mitglieder der Feuerwehren Aigen, Lembach, Stang, Ungerbach und Kirchschlag. Die Treffen finden jeden 2ten Freitag von 17:30 bis 19:30, im Feuerwehrhaus Kirchschlag, Hofwiese 21, statt. Im Betreuungs- und Ausbildungsteam sind sowohl Feuerwehrfrauen als auch Feuerwehrm\u00e4nner.&nbsp;<\/p>\n<\/div>\n\n\n\n<div class=\"wp-block-group has-global-padding is-layout-constrained wp-block-group-is-layout-constrained\">\n<figure class=\"wp-block-image alignleft size-medium is-resized\"><img decoding=\"async\" width=\"300\" height=\"194\" src=\"https:\/\/ff-kirchschlag.at\/wp-content\/uploads\/2024\/08\/ElchLager-300x194.gif\" alt=\"Paul Emma Lager\" class=\"wp-image-478\" style=\"width:350px\" srcset=\"http:\/\/ff-kirchschlag.at\/wp-content\/uploads\/2024\/08\/ElchLager-300x194.gif 300w, http:\/\/ff-kirchschlag.at\/wp-content\/uploads\/2024\/08\/ElchLager-1024x663.gif 1024w, http:\/\/ff-kirchschlag.at\/wp-content\/uploads\/2024\/08\/ElchLager-768x497.gif 768w, http:\/\/ff-kirchschlag.at\/wp-content\/uploads\/2024\/08\/ElchLager-1536x994.gif 1536w\" sizes=\"(max-width: 300px) 100vw, 300px\" \/><\/figure>\n\n\n\n<p>Etwa bei Landestreffen der N\u00d6 Feuerwehrjugend, wo \u00fcber 5000 Jugendliche jedes Jahr \u00d6sterreichs gr\u00f6\u00dfte Zeltstadt aufbauen und in den Feuerwehrjugendbewerben ihr K\u00f6nnen zeigen. Oder bei den Landesschibewerben, Junior-Fire-Cup und beim Wissenstest, wo alle ihr erlerntes Feuerwehrwissen unter Beweis stellen k\u00f6nnen.<\/p>\n<\/div>\n\n\n\n<ul class=\"wp-block-list\">\n<li>Wie l\u00f6scht man ein Feuer?<\/li>\n\n\n\n<li>Wie geht man mit einem Funkger\u00e4t um?<\/li>\n\n\n\n<li>Wie hilft man einem Verletzten?<\/li>\n<\/ul>\n\n\n\n<div class=\"wp-block-group has-global-padding is-layout-constrained wp-block-group-is-layout-constrained\">\n<figure class=\"wp-block-image alignleft size-large is-resized\"><img loading=\"lazy\" decoding=\"async\" width=\"1024\" height=\"760\" src=\"https:\/\/ff-kirchschlag.at\/wp-content\/uploads\/2024\/08\/ElchBewerb-1-1024x760.gif\" alt=\"Elch mit K\u00fcbelspritze\" class=\"wp-image-496\" style=\"width:350px\" srcset=\"http:\/\/ff-kirchschlag.at\/wp-content\/uploads\/2024\/08\/ElchBewerb-1-1024x760.gif 1024w, http:\/\/ff-kirchschlag.at\/wp-content\/uploads\/2024\/08\/ElchBewerb-1-300x223.gif 300w, http:\/\/ff-kirchschlag.at\/wp-content\/uploads\/2024\/08\/ElchBewerb-1-768x570.gif 768w, http:\/\/ff-kirchschlag.at\/wp-content\/uploads\/2024\/08\/ElchBewerb-1-1536x1140.gif 1536w\" sizes=\"(max-width: 1024px) 100vw, 1024px\" \/><\/figure>\n\n\n\n<p>Das alles kannst du bei uns lernen. Und wenn wir das n\u00e4chste Mal mit unseren Feuerwehrautos unterwegs sind, kannst Du schon mit dabei sein!<\/p>\n<\/div>\n\n\n\n<div style=\"height:1px\" aria-hidden=\"true\" class=\"wp-block-spacer\"><\/div>\n\n\n\n<div class=\"wp-block-group has-contrast-3-background-color has-background has-global-padding is-layout-constrained wp-block-group-is-layout-constrained\">\n<p>Wenn du bei uns mitmachen m\u00f6chtest, dann erkundige dich beim Feuerwehrkommandanten<\/p>\n\n\n\n<p>in Aigen<br>ABI Wolfgang P\u00fcrrer<br>+43 664 3927 124<\/p>\n\n\n\n<p>in Lembach<br>OBI Christian Wedl<br>+43 664 1921 591<\/p>\n\n\n\n<p>in Stang<br>OBI Christian Vollnhofer<br>+43 660 3455 255<\/p>\n\n\n\n<p>in Ungerbach<br>HBI Walter Pernsteiner<br>+43 676 7735 169<\/p>\n\n\n\n<p>in Kirchschlag<br><a href=\"https:\/\/www.ff-kirchschlag-bw.at\/%C3%BCber-uns\/\">HBI Gottfried Steiner<\/a><br>+43 677 62399 955<\/p>\n\n\n\n<p>Oder direkt bei unserem Feuerwehrjugendbetreuer<br>HBI Jakob Trimmel<br>+43 676 9451 625<\/p>\n<\/div>\n","protected":false},"excerpt":{"rendered":"<p>Die Freiwilligen Feuerwehren leisten in Nieder\u00f6sterreich wertvolle Arbeit. Wir l\u00f6schen Br\u00e4nde, sch\u00fctzen die Bev\u00f6lkerung vor Feuer und Hochwasser und retten Verletzte. Fast 100.000 Frauen und M\u00e4nner sind in Nieder\u00f6sterreich Mitglieder einer Feuerwehr. Feuerwehrmitglied zu sein ist aber kein Beruf. Die Mitglieder der Freiwilligen Feuerwehren machen das alles in ihrer Freizeit. In den Feuerwehrjugendgruppen werden unsere [&hellip;]<\/p>\n","protected":false},"author":1,"featured_media":0,"parent":0,"menu_order":0,"comment_status":"closed","ping_status":"closed","template":"","meta":{"ngg_post_thumbnail":0,"footnotes":""},"class_list":["post-22","page","type-page","status-publish","hentry"],"yoast_head":"<!-- This site is optimized with the Yoast SEO plugin v27.4 - https:\/\/yoast.com\/product\/yoast-seo-wordpress\/ -->\n<title>Jugendgruppe der FF Kirchschlag - Freiwillige Feuerwehr Kirchschlag<\/title>\n<meta name=\"robots\" content=\"index, follow, max-snippet:-1, max-image-preview:large, max-video-preview:-1\" \/>\n<link rel=\"canonical\" href=\"http:\/\/ff-kirchschlag.at\/?page_id=22\" \/>\n<meta property=\"og:locale\" content=\"de_DE\" \/>\n<meta property=\"og:type\" content=\"article\" \/>\n<meta property=\"og:title\" content=\"Jugendgruppe der FF Kirchschlag - Freiwillige Feuerwehr Kirchschlag\" \/>\n<meta property=\"og:description\" content=\"Die Freiwilligen Feuerwehren leisten in Nieder\u00f6sterreich wertvolle Arbeit. Wir l\u00f6schen Br\u00e4nde, sch\u00fctzen die Bev\u00f6lkerung vor Feuer und Hochwasser und retten Verletzte. Fast 100.000 Frauen und M\u00e4nner sind in Nieder\u00f6sterreich Mitglieder einer Feuerwehr. Feuerwehrmitglied zu sein ist aber kein Beruf. Die Mitglieder der Freiwilligen Feuerwehren machen das alles in ihrer Freizeit. In den Feuerwehrjugendgruppen werden unsere [&hellip;]\" \/>\n<meta property=\"og:url\" content=\"http:\/\/ff-kirchschlag.at\/?page_id=22\" \/>\n<meta property=\"og:site_name\" content=\"Freiwillige Feuerwehr Kirchschlag\" \/>\n<meta property=\"article:modified_time\" content=\"2026-03-30T17:59:19+00:00\" \/>\n<meta property=\"og:image\" content=\"http:\/\/ff-kirchschlag.at\/wp-content\/uploads\/2024\/08\/Feuerwehrjugend_Korpsabzeichen.png\" \/>\n<meta name=\"twitter:card\" content=\"summary_large_image\" \/>\n<meta name=\"twitter:label1\" content=\"Gesch\u00e4tzte Lesezeit\" \/>\n\t<meta name=\"twitter:data1\" content=\"3\u00a0Minuten\" \/>\n<script type=\"application\/ld+json\" class=\"yoast-schema-graph\">{\"@context\":\"https:\\\/\\\/schema.org\",\"@graph\":[{\"@type\":\"WebPage\",\"@id\":\"http:\\\/\\\/ff-kirchschlag.at\\\/?page_id=22\",\"url\":\"http:\\\/\\\/ff-kirchschlag.at\\\/?page_id=22\",\"name\":\"Jugendgruppe der FF Kirchschlag - Freiwillige Feuerwehr Kirchschlag\",\"isPartOf\":{\"@id\":\"https:\\\/\\\/ff-kirchschlag.at\\\/#website\"},\"primaryImageOfPage\":{\"@id\":\"http:\\\/\\\/ff-kirchschlag.at\\\/?page_id=22#primaryimage\"},\"image\":{\"@id\":\"http:\\\/\\\/ff-kirchschlag.at\\\/?page_id=22#primaryimage\"},\"thumbnailUrl\":\"http:\\\/\\\/ff-kirchschlag.at\\\/wp-content\\\/uploads\\\/2024\\\/08\\\/Feuerwehrjugend_Korpsabzeichen.png\",\"datePublished\":\"2024-04-15T18:44:54+00:00\",\"dateModified\":\"2026-03-30T17:59:19+00:00\",\"breadcrumb\":{\"@id\":\"http:\\\/\\\/ff-kirchschlag.at\\\/?page_id=22#breadcrumb\"},\"inLanguage\":\"de\",\"potentialAction\":[{\"@type\":\"ReadAction\",\"target\":[\"http:\\\/\\\/ff-kirchschlag.at\\\/?page_id=22\"]}]},{\"@type\":\"ImageObject\",\"inLanguage\":\"de\",\"@id\":\"http:\\\/\\\/ff-kirchschlag.at\\\/?page_id=22#primaryimage\",\"url\":\"http:\\\/\\\/ff-kirchschlag.at\\\/wp-content\\\/uploads\\\/2024\\\/08\\\/Feuerwehrjugend_Korpsabzeichen.png\",\"contentUrl\":\"http:\\\/\\\/ff-kirchschlag.at\\\/wp-content\\\/uploads\\\/2024\\\/08\\\/Feuerwehrjugend_Korpsabzeichen.png\",\"width\":263,\"height\":324,\"caption\":\"Feuerwehrjugend Chorabzeichen\"},{\"@type\":\"BreadcrumbList\",\"@id\":\"http:\\\/\\\/ff-kirchschlag.at\\\/?page_id=22#breadcrumb\",\"itemListElement\":[{\"@type\":\"ListItem\",\"position\":1,\"name\":\"Startseite\",\"item\":\"https:\\\/\\\/ff-kirchschlag.at\\\/\"},{\"@type\":\"ListItem\",\"position\":2,\"name\":\"Jugendgruppe der FF Kirchschlag\"}]},{\"@type\":\"WebSite\",\"@id\":\"https:\\\/\\\/ff-kirchschlag.at\\\/#website\",\"url\":\"https:\\\/\\\/ff-kirchschlag.at\\\/\",\"name\":\"Freiwillige Feuerwehr Kirchschlag\",\"description\":\"Freiwillige Feuerwehr Kirchschlag idBW\",\"publisher\":{\"@id\":\"https:\\\/\\\/ff-kirchschlag.at\\\/#organization\"},\"potentialAction\":[{\"@type\":\"SearchAction\",\"target\":{\"@type\":\"EntryPoint\",\"urlTemplate\":\"https:\\\/\\\/ff-kirchschlag.at\\\/?s={search_term_string}\"},\"query-input\":{\"@type\":\"PropertyValueSpecification\",\"valueRequired\":true,\"valueName\":\"search_term_string\"}}],\"inLanguage\":\"de\"},{\"@type\":\"Organization\",\"@id\":\"https:\\\/\\\/ff-kirchschlag.at\\\/#organization\",\"name\":\"Freiwillige Feuerwehr Kirchschlag\",\"url\":\"https:\\\/\\\/ff-kirchschlag.at\\\/\",\"logo\":{\"@type\":\"ImageObject\",\"inLanguage\":\"de\",\"@id\":\"https:\\\/\\\/ff-kirchschlag.at\\\/#\\\/schema\\\/logo\\\/image\\\/\",\"url\":\"http:\\\/\\\/ff-kirchschlag.at\\\/wp-content\\\/uploads\\\/2024\\\/08\\\/ff-logo-1.png\",\"contentUrl\":\"http:\\\/\\\/ff-kirchschlag.at\\\/wp-content\\\/uploads\\\/2024\\\/08\\\/ff-logo-1.png\",\"width\":317,\"height\":382,\"caption\":\"Freiwillige Feuerwehr Kirchschlag\"},\"image\":{\"@id\":\"https:\\\/\\\/ff-kirchschlag.at\\\/#\\\/schema\\\/logo\\\/image\\\/\"}}]}<\/script>\n<!-- \/ Yoast SEO plugin. -->","yoast_head_json":{"title":"Jugendgruppe der FF Kirchschlag - Freiwillige Feuerwehr Kirchschlag","robots":{"index":"index","follow":"follow","max-snippet":"max-snippet:-1","max-image-preview":"max-image-preview:large","max-video-preview":"max-video-preview:-1"},"canonical":"http:\/\/ff-kirchschlag.at\/?page_id=22","og_locale":"de_DE","og_type":"article","og_title":"Jugendgruppe der FF Kirchschlag - Freiwillige Feuerwehr Kirchschlag","og_description":"Die Freiwilligen Feuerwehren leisten in Nieder\u00f6sterreich wertvolle Arbeit. Wir l\u00f6schen Br\u00e4nde, sch\u00fctzen die Bev\u00f6lkerung vor Feuer und Hochwasser und retten Verletzte. Fast 100.000 Frauen und M\u00e4nner sind in Nieder\u00f6sterreich Mitglieder einer Feuerwehr. Feuerwehrmitglied zu sein ist aber kein Beruf. Die Mitglieder der Freiwilligen Feuerwehren machen das alles in ihrer Freizeit. In den Feuerwehrjugendgruppen werden unsere [&hellip;]","og_url":"http:\/\/ff-kirchschlag.at\/?page_id=22","og_site_name":"Freiwillige Feuerwehr Kirchschlag","article_modified_time":"2026-03-30T17:59:19+00:00","og_image":[{"url":"http:\/\/ff-kirchschlag.at\/wp-content\/uploads\/2024\/08\/Feuerwehrjugend_Korpsabzeichen.png","type":"","width":"","height":""}],"twitter_card":"summary_large_image","twitter_misc":{"Gesch\u00e4tzte Lesezeit":"3\u00a0Minuten"},"schema":{"@context":"https:\/\/schema.org","@graph":[{"@type":"WebPage","@id":"http:\/\/ff-kirchschlag.at\/?page_id=22","url":"http:\/\/ff-kirchschlag.at\/?page_id=22","name":"Jugendgruppe der FF Kirchschlag - Freiwillige Feuerwehr Kirchschlag","isPartOf":{"@id":"https:\/\/ff-kirchschlag.at\/#website"},"primaryImageOfPage":{"@id":"http:\/\/ff-kirchschlag.at\/?page_id=22#primaryimage"},"image":{"@id":"http:\/\/ff-kirchschlag.at\/?page_id=22#primaryimage"},"thumbnailUrl":"http:\/\/ff-kirchschlag.at\/wp-content\/uploads\/2024\/08\/Feuerwehrjugend_Korpsabzeichen.png","datePublished":"2024-04-15T18:44:54+00:00","dateModified":"2026-03-30T17:59:19+00:00","breadcrumb":{"@id":"http:\/\/ff-kirchschlag.at\/?page_id=22#breadcrumb"},"inLanguage":"de","potentialAction":[{"@type":"ReadAction","target":["http:\/\/ff-kirchschlag.at\/?page_id=22"]}]},{"@type":"ImageObject","inLanguage":"de","@id":"http:\/\/ff-kirchschlag.at\/?page_id=22#primaryimage","url":"http:\/\/ff-kirchschlag.at\/wp-content\/uploads\/2024\/08\/Feuerwehrjugend_Korpsabzeichen.png","contentUrl":"http:\/\/ff-kirchschlag.at\/wp-content\/uploads\/2024\/08\/Feuerwehrjugend_Korpsabzeichen.png","width":263,"height":324,"caption":"Feuerwehrjugend Chorabzeichen"},{"@type":"BreadcrumbList","@id":"http:\/\/ff-kirchschlag.at\/?page_id=22#breadcrumb","itemListElement":[{"@type":"ListItem","position":1,"name":"Startseite","item":"https:\/\/ff-kirchschlag.at\/"},{"@type":"ListItem","position":2,"name":"Jugendgruppe der FF Kirchschlag"}]},{"@type":"WebSite","@id":"https:\/\/ff-kirchschlag.at\/#website","url":"https:\/\/ff-kirchschlag.at\/","name":"Freiwillige Feuerwehr Kirchschlag","description":"Freiwillige Feuerwehr Kirchschlag idBW","publisher":{"@id":"https:\/\/ff-kirchschlag.at\/#organization"},"potentialAction":[{"@type":"SearchAction","target":{"@type":"EntryPoint","urlTemplate":"https:\/\/ff-kirchschlag.at\/?s={search_term_string}"},"query-input":{"@type":"PropertyValueSpecification","valueRequired":true,"valueName":"search_term_string"}}],"inLanguage":"de"},{"@type":"Organization","@id":"https:\/\/ff-kirchschlag.at\/#organization","name":"Freiwillige Feuerwehr Kirchschlag","url":"https:\/\/ff-kirchschlag.at\/","logo":{"@type":"ImageObject","inLanguage":"de","@id":"https:\/\/ff-kirchschlag.at\/#\/schema\/logo\/image\/","url":"http:\/\/ff-kirchschlag.at\/wp-content\/uploads\/2024\/08\/ff-logo-1.png","contentUrl":"http:\/\/ff-kirchschlag.at\/wp-content\/uploads\/2024\/08\/ff-logo-1.png","width":317,"height":382,"caption":"Freiwillige Feuerwehr Kirchschlag"},"image":{"@id":"https:\/\/ff-kirchschlag.at\/#\/schema\/logo\/image\/"}}]}},"_links":{"self":[{"href":"http:\/\/ff-kirchschlag.at\/index.php?rest_route=\/wp\/v2\/pages\/22","targetHints":{"allow":["GET"]}}],"collection":[{"href":"http:\/\/ff-kirchschlag.at\/index.php?rest_route=\/wp\/v2\/pages"}],"about":[{"href":"http:\/\/ff-kirchschlag.at\/index.php?rest_route=\/wp\/v2\/types\/page"}],"author":[{"embeddable":true,"href":"http:\/\/ff-kirchschlag.at\/index.php?rest_route=\/wp\/v2\/users\/1"}],"replies":[{"embeddable":true,"href":"http:\/\/ff-kirchschlag.at\/index.php?rest_route=%2Fwp%2Fv2%2Fcomments&post=22"}],"version-history":[{"count":13,"href":"http:\/\/ff-kirchschlag.at\/index.php?rest_route=\/wp\/v2\/pages\/22\/revisions"}],"predecessor-version":[{"id":1464,"href":"http:\/\/ff-kirchschlag.at\/index.php?rest_route=\/wp\/v2\/pages\/22\/revisions\/1464"}],"wp:attachment":[{"href":"http:\/\/ff-kirchschlag.at\/index.php?rest_route=%2Fwp%2Fv2%2Fmedia&parent=22"}],"curies":[{"name":"wp","href":"https:\/\/api.w.org\/{rel}","templated":true}]}}