{"id":143,"date":"2024-05-03T10:19:28","date_gmt":"2024-05-03T08:19:28","guid":{"rendered":"http:\/\/ff-kirchschlag.at\/?page_id=143"},"modified":"2025-11-28T19:13:42","modified_gmt":"2025-11-28T18:13:42","slug":"ueberuns","status":"publish","type":"page","link":"http:\/\/ff-kirchschlag.at\/","title":{"rendered":"Unsere Freizeit f\u00fcr eure Sicherheit"},"content":{"rendered":"\n<h2 class=\"wp-block-heading alignfull has-text-align-center\">Unsere Freizeit f\u00fcr eure Sicherheit<\/h2>\n\n\n\n<div class=\"wp-block-group alignfull has-background has-global-padding is-layout-constrained wp-container-core-group-is-layout-d89aad35 wp-block-group-is-layout-constrained\" style=\"background-color:#dce0e600;margin-top:0;margin-bottom:0;padding-top:var(--wp--preset--spacing--50);padding-right:var(--wp--preset--spacing--50);padding-bottom:var(--wp--preset--spacing--50);padding-left:var(--wp--preset--spacing--50)\">\n<div class=\"wp-block-columns alignwide is-layout-flex wp-container-core-columns-is-layout-90bf361f wp-block-columns-is-layout-flex\">\n<div class=\"wp-block-column is-layout-flow wp-block-column-is-layout-flow\" style=\"--col-width:60%;flex-basis:60%\">\n<div class=\"wp-block-query is-layout-flow wp-block-query-is-layout-flow\"><ul class=\"wp-block-post-template is-layout-flow wp-container-core-post-template-is-layout-7f1ce2c0 wp-block-post-template-is-layout-flow\"><li class=\"wp-block-post post-1467 post type-post status-publish format-standard has-post-thumbnail hentry category-news\">\n<figure style=\"aspect-ratio:auto;\" class=\"wp-block-post-featured-image\"><a href=\"http:\/\/ff-kirchschlag.at\/?p=1467\" target=\"_self\"  ><img fetchpriority=\"high\" decoding=\"async\" width=\"924\" height=\"1231\" src=\"http:\/\/ff-kirchschlag.at\/wp-content\/uploads\/2026\/04\/WhatsApp-Image-2026-04-26-at-18.43.14.jpeg\" class=\"attachment-post-thumbnail size-post-thumbnail wp-post-image\" alt=\"Unsere Feuerwehr w\u00e4chst: Zwei neue Atemschutzger\u00e4tetr\u00e4ger ausgebildet\" style=\"width:100%;height:100%;object-fit:contain;\" srcset=\"http:\/\/ff-kirchschlag.at\/wp-content\/uploads\/2026\/04\/WhatsApp-Image-2026-04-26-at-18.43.14.jpeg 924w, http:\/\/ff-kirchschlag.at\/wp-content\/uploads\/2026\/04\/WhatsApp-Image-2026-04-26-at-18.43.14-225x300.jpeg 225w, http:\/\/ff-kirchschlag.at\/wp-content\/uploads\/2026\/04\/WhatsApp-Image-2026-04-26-at-18.43.14-769x1024.jpeg 769w, http:\/\/ff-kirchschlag.at\/wp-content\/uploads\/2026\/04\/WhatsApp-Image-2026-04-26-at-18.43.14-768x1023.jpeg 768w\" sizes=\"(max-width: 924px) 100vw, 924px\" \/><\/a><\/figure>\n\n\n<div style=\"height:var(--wp--preset--spacing--10)\" aria-hidden=\"true\" class=\"wp-block-spacer\"><\/div>\n\n\n\n<div class=\"wp-block-group is-vertical is-nowrap is-layout-flex wp-container-core-group-is-layout-027a86ef wp-block-group-is-layout-flex\"><h3 class=\"wp-block-post-title has-x-large-font-size\"><a href=\"http:\/\/ff-kirchschlag.at\/?p=1467\" target=\"_self\" >Unsere Feuerwehr w\u00e4chst: Zwei neue Atemschutzger\u00e4tetr\u00e4ger ausgebildet<\/a><\/h3>\n\n<div class=\"wp-block-post-excerpt\"><p class=\"wp-block-post-excerpt__excerpt\">Am letzten Wochenende absolvierten zwei junge Feuerwehrm\u00e4nner die Atemschutzausbildung. <\/p><\/div>\n\n<div class=\"wp-block-template-part\">\n<div class=\"wp-block-group has-global-padding is-layout-constrained wp-block-group-is-layout-constrained\">\n<div class=\"wp-block-group is-content-justification-left is-layout-flex wp-container-core-group-is-layout-dfe8e91f wp-block-group-is-layout-flex\"><div class=\"wp-block-post-date\"><time datetime=\"2026-04-28T15:00:26+02:00\"><a href=\"http:\/\/ff-kirchschlag.at\/?p=1467\">Apr. 28, 2026<\/a><\/time><\/div>\n\n\n<p class=\"has-contrast-2-color has-text-color\">\u2014<\/p>\n\n\n\n<p class=\"has-contrast-2-color has-text-color has-small-font-size\">von<\/p>\n\n\n<div class=\"wp-block-post-author-name\">werneradmin<\/div>\n\n<div class=\"taxonomy-category wp-block-post-terms\"><span class=\"wp-block-post-terms__prefix\">in <\/span><a href=\"http:\/\/ff-kirchschlag.at\/?cat=5\" rel=\"tag\">Blog<\/a><\/div><\/div>\n<\/div>\n<\/div><\/div>\n\n<\/li><li class=\"wp-block-post post-1447 post type-post status-publish format-standard has-post-thumbnail hentry category-news\">\n<figure style=\"aspect-ratio:auto;\" class=\"wp-block-post-featured-image\"><a href=\"http:\/\/ff-kirchschlag.at\/?p=1447\" target=\"_self\"  ><img decoding=\"async\" width=\"1600\" height=\"1200\" src=\"http:\/\/ff-kirchschlag.at\/wp-content\/uploads\/2026\/03\/WhatsApp-Image-2026-03-27-at-17.07.24.jpeg\" class=\"attachment-post-thumbnail size-post-thumbnail wp-post-image\" alt=\"B\u00e4ume \u00fcber Stra\u00dfe\" style=\"width:100%;height:100%;object-fit:contain;\" srcset=\"http:\/\/ff-kirchschlag.at\/wp-content\/uploads\/2026\/03\/WhatsApp-Image-2026-03-27-at-17.07.24.jpeg 1600w, http:\/\/ff-kirchschlag.at\/wp-content\/uploads\/2026\/03\/WhatsApp-Image-2026-03-27-at-17.07.24-300x225.jpeg 300w, http:\/\/ff-kirchschlag.at\/wp-content\/uploads\/2026\/03\/WhatsApp-Image-2026-03-27-at-17.07.24-1024x768.jpeg 1024w, http:\/\/ff-kirchschlag.at\/wp-content\/uploads\/2026\/03\/WhatsApp-Image-2026-03-27-at-17.07.24-200x150.jpeg 200w, http:\/\/ff-kirchschlag.at\/wp-content\/uploads\/2026\/03\/WhatsApp-Image-2026-03-27-at-17.07.24-768x576.jpeg 768w, http:\/\/ff-kirchschlag.at\/wp-content\/uploads\/2026\/03\/WhatsApp-Image-2026-03-27-at-17.07.24-1536x1152.jpeg 1536w\" sizes=\"(max-width: 1600px) 100vw, 1600px\" \/><\/a><\/figure>\n\n\n<div style=\"height:var(--wp--preset--spacing--10)\" aria-hidden=\"true\" class=\"wp-block-spacer\"><\/div>\n\n\n\n<div class=\"wp-block-group is-vertical is-nowrap is-layout-flex wp-container-core-group-is-layout-027a86ef wp-block-group-is-layout-flex\"><h3 class=\"wp-block-post-title has-x-large-font-size\"><a href=\"http:\/\/ff-kirchschlag.at\/?p=1447\" target=\"_self\" >B\u00e4ume \u00fcber Stra\u00dfe<\/a><\/h3>\n\n<div class=\"wp-block-post-excerpt\"><p class=\"wp-block-post-excerpt__excerpt\">Am Vormittag des 27. M\u00e4rz 2026 wurde die Feuerwehr Kirchschlag, wegen umgefallener B\u00e4ume die \u00fcber Fahrbahnen lagen, alarmiert.&nbsp; Der schwere Schnee und dazu der starke Wind lie\u00dfen die B\u00e4ume brechen und teilweise sogar entwurzeln.&nbsp; Die&hellip; <\/p><\/div>\n\n<div class=\"wp-block-template-part\">\n<div class=\"wp-block-group has-global-padding is-layout-constrained wp-block-group-is-layout-constrained\">\n<div class=\"wp-block-group is-content-justification-left is-layout-flex wp-container-core-group-is-layout-dfe8e91f wp-block-group-is-layout-flex\"><div class=\"wp-block-post-date\"><time datetime=\"2026-03-27T18:23:01+01:00\"><a href=\"http:\/\/ff-kirchschlag.at\/?p=1447\">M\u00e4rz 27, 2026<\/a><\/time><\/div>\n\n\n<p class=\"has-contrast-2-color has-text-color\">\u2014<\/p>\n\n\n\n<p class=\"has-contrast-2-color has-text-color has-small-font-size\">von<\/p>\n\n\n<div class=\"wp-block-post-author-name\">werneradmin<\/div>\n\n<div class=\"taxonomy-category wp-block-post-terms\"><span class=\"wp-block-post-terms__prefix\">in <\/span><a href=\"http:\/\/ff-kirchschlag.at\/?cat=5\" rel=\"tag\">Blog<\/a><\/div><\/div>\n<\/div>\n<\/div><\/div>\n\n<\/li><\/ul><\/div>\n<\/div>\n\n\n\n<div class=\"wp-block-column is-layout-flow wp-block-column-is-layout-flow\" style=\"--col-width:40%;flex-basis:40%\">\n<div class=\"wp-block-query is-layout-flow wp-block-query-is-layout-flow\"><ul class=\"wp-block-post-template is-layout-flow wp-container-core-post-template-is-layout-6b084be1 wp-block-post-template-is-layout-flow\"><li class=\"wp-block-post post-1430 post type-post status-publish format-standard has-post-thumbnail hentry category-news\">\n<figure style=\"aspect-ratio:auto;\" class=\"wp-block-post-featured-image\"><a href=\"http:\/\/ff-kirchschlag.at\/?p=1430\" target=\"_self\"  ><img decoding=\"async\" width=\"750\" height=\"1000\" src=\"http:\/\/ff-kirchschlag.at\/wp-content\/uploads\/2026\/02\/2.jpg\" class=\"attachment-post-thumbnail size-post-thumbnail wp-post-image\" alt=\"B\u00e4ume brechen unter der Last von 30cm Neuschnee\" style=\"width:100%;height:100%;object-fit:cover;\" srcset=\"http:\/\/ff-kirchschlag.at\/wp-content\/uploads\/2026\/02\/2.jpg 750w, http:\/\/ff-kirchschlag.at\/wp-content\/uploads\/2026\/02\/2-225x300.jpg 225w\" sizes=\"(max-width: 750px) 100vw, 750px\" \/><\/a><\/figure>\n\n\n<div style=\"height:5px\" aria-hidden=\"true\" class=\"wp-block-spacer\"><\/div>\n\n\n\n<div class=\"wp-block-group is-vertical is-nowrap is-layout-flex wp-container-core-group-is-layout-9bc6ff26 wp-block-group-is-layout-flex\"><h3 class=\"wp-block-post-title has-large-font-size\"><a href=\"http:\/\/ff-kirchschlag.at\/?p=1430\" target=\"_self\" >B\u00e4ume brechen unter der Last von 30cm Neuschnee<\/a><\/h3>\n\n<div class=\"wp-block-post-excerpt has-small-font-size\"><p class=\"wp-block-post-excerpt__excerpt\">In der Nacht auf Freitag, den 20. Feber 2026, gab es in \u00d6sterreichs Osten&hellip; <\/p><\/div>\n\n<div class=\"wp-block-template-part\">\n<div class=\"wp-block-group has-global-padding is-layout-constrained wp-block-group-is-layout-constrained\">\n<div class=\"wp-block-group is-content-justification-left is-layout-flex wp-container-core-group-is-layout-dfe8e91f wp-block-group-is-layout-flex\"><div class=\"wp-block-post-date\"><time datetime=\"2026-02-20T17:29:19+01:00\"><a href=\"http:\/\/ff-kirchschlag.at\/?p=1430\">Feb. 20, 2026<\/a><\/time><\/div>\n\n\n<p class=\"has-contrast-2-color has-text-color\">\u2014<\/p>\n\n\n\n<p class=\"has-contrast-2-color has-text-color has-small-font-size\">von<\/p>\n\n\n<div class=\"wp-block-post-author-name\">werneradmin<\/div>\n\n<div class=\"taxonomy-category wp-block-post-terms\"><span class=\"wp-block-post-terms__prefix\">in <\/span><a href=\"http:\/\/ff-kirchschlag.at\/?cat=5\" rel=\"tag\">Blog<\/a><\/div><\/div>\n<\/div>\n<\/div><\/div>\n\n<\/li><li class=\"wp-block-post post-1420 post type-post status-publish format-standard has-post-thumbnail hentry category-news\">\n<figure style=\"aspect-ratio:auto;\" class=\"wp-block-post-featured-image\"><a href=\"http:\/\/ff-kirchschlag.at\/?p=1420\" target=\"_self\"  ><img loading=\"lazy\" decoding=\"async\" width=\"989\" height=\"659\" src=\"http:\/\/ff-kirchschlag.at\/wp-content\/uploads\/2026\/01\/1-2.jpg\" class=\"attachment-post-thumbnail size-post-thumbnail wp-post-image\" alt=\"Neues Kommando f\u00fcr die FF Kirchschlag\" style=\"width:100%;height:100%;object-fit:cover;\" srcset=\"http:\/\/ff-kirchschlag.at\/wp-content\/uploads\/2026\/01\/1-2.jpg 989w, http:\/\/ff-kirchschlag.at\/wp-content\/uploads\/2026\/01\/1-2-300x200.jpg 300w, http:\/\/ff-kirchschlag.at\/wp-content\/uploads\/2026\/01\/1-2-768x512.jpg 768w\" sizes=\"(max-width: 989px) 100vw, 989px\" \/><\/a><\/figure>\n\n\n<div style=\"height:5px\" aria-hidden=\"true\" class=\"wp-block-spacer\"><\/div>\n\n\n\n<div class=\"wp-block-group is-vertical is-nowrap is-layout-flex wp-container-core-group-is-layout-9bc6ff26 wp-block-group-is-layout-flex\"><h3 class=\"wp-block-post-title has-large-font-size\"><a href=\"http:\/\/ff-kirchschlag.at\/?p=1420\" target=\"_self\" >Neues Kommando f\u00fcr die FF Kirchschlag<\/a><\/h3>\n\n<div class=\"wp-block-post-excerpt has-small-font-size\"><p class=\"wp-block-post-excerpt__excerpt\">Gestern, am 22. J\u00e4nner 2026, w\u00e4hlte die FF Kirchschlag den Kommandanten und den Stellvertreter.&hellip; <\/p><\/div>\n\n<div class=\"wp-block-template-part\">\n<div class=\"wp-block-group has-global-padding is-layout-constrained wp-block-group-is-layout-constrained\">\n<div class=\"wp-block-group is-content-justification-left is-layout-flex wp-container-core-group-is-layout-dfe8e91f wp-block-group-is-layout-flex\"><div class=\"wp-block-post-date\"><time datetime=\"2026-01-26T13:50:41+01:00\"><a href=\"http:\/\/ff-kirchschlag.at\/?p=1420\">Jan. 26, 2026<\/a><\/time><\/div>\n\n\n<p class=\"has-contrast-2-color has-text-color\">\u2014<\/p>\n\n\n\n<p class=\"has-contrast-2-color has-text-color has-small-font-size\">von<\/p>\n\n\n<div class=\"wp-block-post-author-name\">werneradmin<\/div>\n\n<div class=\"taxonomy-category wp-block-post-terms\"><span class=\"wp-block-post-terms__prefix\">in <\/span><a href=\"http:\/\/ff-kirchschlag.at\/?cat=5\" rel=\"tag\">Blog<\/a><\/div><\/div>\n<\/div>\n<\/div><\/div>\n\n<\/li><li class=\"wp-block-post post-1411 post type-post status-publish format-standard has-post-thumbnail hentry category-news\">\n<figure style=\"aspect-ratio:auto;\" class=\"wp-block-post-featured-image\"><a href=\"http:\/\/ff-kirchschlag.at\/?p=1411\" target=\"_self\"  ><img loading=\"lazy\" decoding=\"async\" width=\"1638\" height=\"921\" src=\"http:\/\/ff-kirchschlag.at\/wp-content\/uploads\/2026\/01\/1-1.jpg\" class=\"attachment-post-thumbnail size-post-thumbnail wp-post-image\" alt=\"Auto rutscht im Herzogtum am Eis von der Stra\u00dfe\" style=\"width:100%;height:100%;object-fit:cover;\" srcset=\"http:\/\/ff-kirchschlag.at\/wp-content\/uploads\/2026\/01\/1-1.jpg 1638w, http:\/\/ff-kirchschlag.at\/wp-content\/uploads\/2026\/01\/1-1-300x169.jpg 300w, http:\/\/ff-kirchschlag.at\/wp-content\/uploads\/2026\/01\/1-1-1024x576.jpg 1024w, http:\/\/ff-kirchschlag.at\/wp-content\/uploads\/2026\/01\/1-1-768x432.jpg 768w, http:\/\/ff-kirchschlag.at\/wp-content\/uploads\/2026\/01\/1-1-1536x864.jpg 1536w\" sizes=\"(max-width: 1638px) 100vw, 1638px\" \/><\/a><\/figure>\n\n\n<div style=\"height:5px\" aria-hidden=\"true\" class=\"wp-block-spacer\"><\/div>\n\n\n\n<div class=\"wp-block-group is-vertical is-nowrap is-layout-flex wp-container-core-group-is-layout-9bc6ff26 wp-block-group-is-layout-flex\"><h3 class=\"wp-block-post-title has-large-font-size\"><a href=\"http:\/\/ff-kirchschlag.at\/?p=1411\" target=\"_self\" >Auto rutscht im Herzogtum am Eis von der Stra\u00dfe<\/a><\/h3>\n\n<div class=\"wp-block-post-excerpt has-small-font-size\"><p class=\"wp-block-post-excerpt__excerpt\">Auf der eisigen Fahrbahn des Herzogtum rutschte am Samstag, dem 24. J\u00e4nner 2026, ein&hellip; <\/p><\/div>\n\n<div class=\"wp-block-template-part\">\n<div class=\"wp-block-group has-global-padding is-layout-constrained wp-block-group-is-layout-constrained\">\n<div class=\"wp-block-group is-content-justification-left is-layout-flex wp-container-core-group-is-layout-dfe8e91f wp-block-group-is-layout-flex\"><div class=\"wp-block-post-date\"><time datetime=\"2026-01-25T21:22:49+01:00\"><a href=\"http:\/\/ff-kirchschlag.at\/?p=1411\">Jan. 25, 2026<\/a><\/time><\/div>\n\n\n<p class=\"has-contrast-2-color has-text-color\">\u2014<\/p>\n\n\n\n<p class=\"has-contrast-2-color has-text-color has-small-font-size\">von<\/p>\n\n\n<div class=\"wp-block-post-author-name\">werneradmin<\/div>\n\n<div class=\"taxonomy-category wp-block-post-terms\"><span class=\"wp-block-post-terms__prefix\">in <\/span><a href=\"http:\/\/ff-kirchschlag.at\/?cat=5\" rel=\"tag\">Blog<\/a><\/div><\/div>\n<\/div>\n<\/div><\/div>\n\n<\/li><\/ul><\/div>\n<\/div>\n<\/div>\n<\/div>\n\n\n\n<div class=\"wp-block-group alignfull has-contrast-3-background-color has-background has-global-padding is-layout-constrained wp-block-group-is-layout-constrained\">\n<div class=\"wp-block-columns alignwide tw-cols-stack-md-2 is-layout-flex wp-container-core-columns-is-layout-51bdc539 wp-block-columns-is-layout-flex\">\n<div class=\"wp-block-column is-layout-flow wp-block-column-is-layout-flow\">\n<div class=\"wp-block-group tw-stretched-link has-global-padding is-layout-constrained wp-block-group-is-layout-constrained\">\n<figure class=\"wp-block-image size-large is-resized\"><img decoding=\"async\" src=\"https:\/\/www.feuerwehr-krems.at\/Warnung\/NOE_Karte_simple.gif \" alt=\"\" style=\"width:auto;height:198px\"\/><\/figure>\n\n\n\n<h3 class=\"wp-block-heading\" style=\"font-size:clamp(1.125rem, 1.125rem + ((1vw - 0.2rem) * 0.625), 1.5rem);\">Feuerwehren im Einsatz<\/h3>\n\n\n\n<a href=\"https:\/\/www.feuerwehr-krems.at\/CodePages\/Wastl\/wastlmain\/ShowOverview.asp\" target=\"_blank\" rel=\"noopener\"> <\/a>\n<\/div>\n<\/div>\n\n\n\n<div class=\"wp-block-column is-layout-flow wp-block-column-is-layout-flow\">\n<div class=\"wp-block-group tw-stretched-link has-global-padding is-layout-constrained wp-block-group-is-layout-constrained\">\n<figure class=\"wp-block-image size-full is-resized\"><img loading=\"lazy\" decoding=\"async\" width=\"299\" height=\"230\" src=\"https:\/\/ff-kirchschlag.at\/wp-content\/uploads\/2024\/09\/noeLogo299.jpg\" alt=\"\" class=\"wp-image-1371\" style=\"width:auto;height:198px\"\/><\/figure>\n\n\n\n<h3 class=\"wp-block-heading\" style=\"font-size:clamp(1.125rem, 1.125rem + ((1vw - 0.2rem) * 0.625), 1.5rem);\">Pegelstand Z\u00f6bernbach<\/h3>\n\n\n\n<a href=\"https:\/\/www.noe.gv.at\/wasserstand\/#\/de\/Messstellen\/Details\/210302\/Wasserstand\/3Tage\" target=\"_blank\" rel=\"noreferrer noopener\"> <\/a>\n<\/div>\n<\/div>\n\n\n\n<div class=\"wp-block-column is-layout-flow wp-block-column-is-layout-flow\">\n<div class=\"wp-block-group tw-stretched-link has-global-padding is-layout-constrained wp-block-group-is-layout-constrained\">\n<figure class=\"wp-block-image is-resized size-large\"><img decoding=\"async\" src=\"https:\/\/warnungen.zamg.at\/warnwidget\/de\/heute\/alle\/at\/\" alt=\"\" style=\"width:auto;height:198px\"\/><\/figure>\n\n\n\n<h3 class=\"wp-block-heading\" style=\"font-size:clamp(1.125rem, 1.125rem + ((1vw - 0.2rem) * 0.625), 1.5rem);\">ZMAG Wetterwarnungen<\/h3>\n\n\n\n<a href=\"https:\/\/warnungen.zamg.at\/html\/de\/heute\/alle\/at\/\" target=\"_blank\" rel=\"noopener\"> <\/a>\n<\/div>\n<\/div>\n\n\n\n<div class=\"wp-block-column tw-md-hidden tw-sm-hidden is-layout-flow wp-block-column-is-layout-flow\">\n<figure class=\"wp-block-image tw-lg-hidden\"><img decoding=\"async\" src=\"http:\/\/ff-kirchschlag.at\/wp-content\/plugins\/twentig\/dist\/images\/patterns\/landscape4.jpg\" alt=\"\"\/><\/figure>\n\n\n\n<h3 class=\"wp-block-heading tw-lg-hidden\" style=\"font-size:clamp(1.125rem, 1.125rem + ((1vw - 0.2rem) * 0.625), 1.5rem);\">Fourth item<\/h3>\n\n\n\n<p class=\"tw-lg-hidden\">Duis enim elit, porttitor id feugiat at, blandit at erat. Proin varius libero sit amet tortor volutpat diam laoreet.<\/p>\n<\/div>\n<\/div>\n<\/div>\n","protected":false},"excerpt":{"rendered":"<p>Unsere Freizeit f\u00fcr eure Sicherheit<\/p>\n","protected":false},"author":1,"featured_media":0,"parent":0,"menu_order":0,"comment_status":"closed","ping_status":"closed","template":"","meta":{"ngg_post_thumbnail":0,"footnotes":""},"class_list":["post-143","page","type-page","status-publish","hentry"],"yoast_head":"<!-- This site is optimized with the Yoast SEO plugin v27.4 - https:\/\/yoast.com\/product\/yoast-seo-wordpress\/ -->\n<title>Unsere Freizeit f\u00fcr eure Sicherheit - Freiwillige Feuerwehr Kirchschlag<\/title>\n<meta name=\"robots\" content=\"index, follow, max-snippet:-1, max-image-preview:large, max-video-preview:-1\" \/>\n<link rel=\"canonical\" href=\"https:\/\/ff-kirchschlag.at\/\" \/>\n<meta property=\"og:locale\" content=\"de_DE\" \/>\n<meta property=\"og:type\" content=\"article\" \/>\n<meta property=\"og:title\" content=\"Unsere Freizeit f\u00fcr eure Sicherheit - Freiwillige Feuerwehr Kirchschlag\" \/>\n<meta property=\"og:description\" content=\"Unsere Freizeit f\u00fcr eure Sicherheit\" \/>\n<meta property=\"og:url\" content=\"https:\/\/ff-kirchschlag.at\/\" \/>\n<meta property=\"og:site_name\" content=\"Freiwillige Feuerwehr Kirchschlag\" \/>\n<meta property=\"article:modified_time\" content=\"2025-11-28T18:13:42+00:00\" \/>\n<meta name=\"twitter:card\" content=\"summary_large_image\" \/>\n<meta name=\"twitter:label1\" content=\"Gesch\u00e4tzte Lesezeit\" \/>\n\t<meta name=\"twitter:data1\" content=\"1\u00a0Minute\" \/>\n<script type=\"application\/ld+json\" class=\"yoast-schema-graph\">{\"@context\":\"https:\\\/\\\/schema.org\",\"@graph\":[{\"@type\":\"WebPage\",\"@id\":\"https:\\\/\\\/ff-kirchschlag.at\\\/\",\"url\":\"https:\\\/\\\/ff-kirchschlag.at\\\/\",\"name\":\"Unsere Freizeit f\u00fcr eure Sicherheit - Freiwillige Feuerwehr Kirchschlag\",\"isPartOf\":{\"@id\":\"https:\\\/\\\/ff-kirchschlag.at\\\/#website\"},\"datePublished\":\"2024-05-03T08:19:28+00:00\",\"dateModified\":\"2025-11-28T18:13:42+00:00\",\"breadcrumb\":{\"@id\":\"https:\\\/\\\/ff-kirchschlag.at\\\/#breadcrumb\"},\"inLanguage\":\"de\",\"potentialAction\":[{\"@type\":\"ReadAction\",\"target\":[\"https:\\\/\\\/ff-kirchschlag.at\\\/\"]}]},{\"@type\":\"BreadcrumbList\",\"@id\":\"https:\\\/\\\/ff-kirchschlag.at\\\/#breadcrumb\",\"itemListElement\":[{\"@type\":\"ListItem\",\"position\":1,\"name\":\"Startseite\",\"item\":\"https:\\\/\\\/ff-kirchschlag.at\\\/\"},{\"@type\":\"ListItem\",\"position\":2,\"name\":\"Unsere Freizeit f\u00fcr eure Sicherheit\"}]},{\"@type\":\"WebSite\",\"@id\":\"https:\\\/\\\/ff-kirchschlag.at\\\/#website\",\"url\":\"https:\\\/\\\/ff-kirchschlag.at\\\/\",\"name\":\"Freiwillige Feuerwehr Kirchschlag\",\"description\":\"Freiwillige Feuerwehr Kirchschlag idBW\",\"publisher\":{\"@id\":\"https:\\\/\\\/ff-kirchschlag.at\\\/#organization\"},\"potentialAction\":[{\"@type\":\"SearchAction\",\"target\":{\"@type\":\"EntryPoint\",\"urlTemplate\":\"https:\\\/\\\/ff-kirchschlag.at\\\/?s={search_term_string}\"},\"query-input\":{\"@type\":\"PropertyValueSpecification\",\"valueRequired\":true,\"valueName\":\"search_term_string\"}}],\"inLanguage\":\"de\"},{\"@type\":\"Organization\",\"@id\":\"https:\\\/\\\/ff-kirchschlag.at\\\/#organization\",\"name\":\"Freiwillige Feuerwehr Kirchschlag\",\"url\":\"https:\\\/\\\/ff-kirchschlag.at\\\/\",\"logo\":{\"@type\":\"ImageObject\",\"inLanguage\":\"de\",\"@id\":\"https:\\\/\\\/ff-kirchschlag.at\\\/#\\\/schema\\\/logo\\\/image\\\/\",\"url\":\"http:\\\/\\\/ff-kirchschlag.at\\\/wp-content\\\/uploads\\\/2024\\\/08\\\/ff-logo-1.png\",\"contentUrl\":\"http:\\\/\\\/ff-kirchschlag.at\\\/wp-content\\\/uploads\\\/2024\\\/08\\\/ff-logo-1.png\",\"width\":317,\"height\":382,\"caption\":\"Freiwillige Feuerwehr Kirchschlag\"},\"image\":{\"@id\":\"https:\\\/\\\/ff-kirchschlag.at\\\/#\\\/schema\\\/logo\\\/image\\\/\"}}]}<\/script>\n<!-- \/ Yoast SEO plugin. -->","yoast_head_json":{"title":"Unsere Freizeit f\u00fcr eure Sicherheit - Freiwillige Feuerwehr Kirchschlag","robots":{"index":"index","follow":"follow","max-snippet":"max-snippet:-1","max-image-preview":"max-image-preview:large","max-video-preview":"max-video-preview:-1"},"canonical":"https:\/\/ff-kirchschlag.at\/","og_locale":"de_DE","og_type":"article","og_title":"Unsere Freizeit f\u00fcr eure Sicherheit - Freiwillige Feuerwehr Kirchschlag","og_description":"Unsere Freizeit f\u00fcr eure Sicherheit","og_url":"https:\/\/ff-kirchschlag.at\/","og_site_name":"Freiwillige Feuerwehr Kirchschlag","article_modified_time":"2025-11-28T18:13:42+00:00","twitter_card":"summary_large_image","twitter_misc":{"Gesch\u00e4tzte Lesezeit":"1\u00a0Minute"},"schema":{"@context":"https:\/\/schema.org","@graph":[{"@type":"WebPage","@id":"https:\/\/ff-kirchschlag.at\/","url":"https:\/\/ff-kirchschlag.at\/","name":"Unsere Freizeit f\u00fcr eure Sicherheit - Freiwillige Feuerwehr Kirchschlag","isPartOf":{"@id":"https:\/\/ff-kirchschlag.at\/#website"},"datePublished":"2024-05-03T08:19:28+00:00","dateModified":"2025-11-28T18:13:42+00:00","breadcrumb":{"@id":"https:\/\/ff-kirchschlag.at\/#breadcrumb"},"inLanguage":"de","potentialAction":[{"@type":"ReadAction","target":["https:\/\/ff-kirchschlag.at\/"]}]},{"@type":"BreadcrumbList","@id":"https:\/\/ff-kirchschlag.at\/#breadcrumb","itemListElement":[{"@type":"ListItem","position":1,"name":"Startseite","item":"https:\/\/ff-kirchschlag.at\/"},{"@type":"ListItem","position":2,"name":"Unsere Freizeit f\u00fcr eure Sicherheit"}]},{"@type":"WebSite","@id":"https:\/\/ff-kirchschlag.at\/#website","url":"https:\/\/ff-kirchschlag.at\/","name":"Freiwillige Feuerwehr Kirchschlag","description":"Freiwillige Feuerwehr Kirchschlag idBW","publisher":{"@id":"https:\/\/ff-kirchschlag.at\/#organization"},"potentialAction":[{"@type":"SearchAction","target":{"@type":"EntryPoint","urlTemplate":"https:\/\/ff-kirchschlag.at\/?s={search_term_string}"},"query-input":{"@type":"PropertyValueSpecification","valueRequired":true,"valueName":"search_term_string"}}],"inLanguage":"de"},{"@type":"Organization","@id":"https:\/\/ff-kirchschlag.at\/#organization","name":"Freiwillige Feuerwehr Kirchschlag","url":"https:\/\/ff-kirchschlag.at\/","logo":{"@type":"ImageObject","inLanguage":"de","@id":"https:\/\/ff-kirchschlag.at\/#\/schema\/logo\/image\/","url":"http:\/\/ff-kirchschlag.at\/wp-content\/uploads\/2024\/08\/ff-logo-1.png","contentUrl":"http:\/\/ff-kirchschlag.at\/wp-content\/uploads\/2024\/08\/ff-logo-1.png","width":317,"height":382,"caption":"Freiwillige Feuerwehr Kirchschlag"},"image":{"@id":"https:\/\/ff-kirchschlag.at\/#\/schema\/logo\/image\/"}}]}},"_links":{"self":[{"href":"http:\/\/ff-kirchschlag.at\/index.php?rest_route=\/wp\/v2\/pages\/143","targetHints":{"allow":["GET"]}}],"collection":[{"href":"http:\/\/ff-kirchschlag.at\/index.php?rest_route=\/wp\/v2\/pages"}],"about":[{"href":"http:\/\/ff-kirchschlag.at\/index.php?rest_route=\/wp\/v2\/types\/page"}],"author":[{"embeddable":true,"href":"http:\/\/ff-kirchschlag.at\/index.php?rest_route=\/wp\/v2\/users\/1"}],"replies":[{"embeddable":true,"href":"http:\/\/ff-kirchschlag.at\/index.php?rest_route=%2Fwp%2Fv2%2Fcomments&post=143"}],"version-history":[{"count":25,"href":"http:\/\/ff-kirchschlag.at\/index.php?rest_route=\/wp\/v2\/pages\/143\/revisions"}],"predecessor-version":[{"id":1203,"href":"http:\/\/ff-kirchschlag.at\/index.php?rest_route=\/wp\/v2\/pages\/143\/revisions\/1203"}],"wp:attachment":[{"href":"http:\/\/ff-kirchschlag.at\/index.php?rest_route=%2Fwp%2Fv2%2Fmedia&parent=143"}],"curies":[{"name":"wp","href":"https:\/\/api.w.org\/{rel}","templated":true}]}}